{"id":4630,"date":"2026-04-17T00:19:43","date_gmt":"2026-04-17T00:19:43","guid":{"rendered":"http:\/\/lojadosacores.com\/produto\/perfumandor-vinho-branco\/"},"modified":"2026-04-17T00:19:43","modified_gmt":"2026-04-17T00:19:43","slug":"fragrancia-ambiente-vinho-branco","status":"publish","type":"product","link":"https:\/\/lojadosacores.com\/en\/produto\/fragrancia-ambiente-vinho-branco\/","title":{"rendered":"Fragr\u00e2ncia ambiente Vinho Branco"},"content":{"rendered":"<p>FRAGR\u00c2NCIA COM NUANCES DE CITRINOS E VERDELHO<br \/>\nAs notas secas e minerais de Verdelho misturam-se com as notas c\u00edtricas de lim\u00e3o e com a do\u00e7ura do rum, com intensas notas de neroli e folha violeta.<\/p>\n<p>Notas de topo: vinho branco, lim\u00e3o, rum<br \/>\nNotas de cora\u00e7\u00e3o: notas verdes, neroli<br \/>\nNotas de base: folha violeta, \u00e2mbar-cinzento<br \/>\nCom \u00f3leo precioso de semente de uva<\/p>\n","protected":false},"excerpt":{"rendered":"<p>FRAGR\u00c2NCIA COM NUANCES DE CITRINOS E VERDELHO<br \/>\nAs notas secas e minerais de Verdelho misturam-se com as notas c\u00edtricas de lim\u00e3o e com a do\u00e7ura do rum, com intensas notas de neroli e folha violeta.<\/p>\n<p>Notas de topo: vinho branco, lim\u00e3o, rum<br \/>\nNotas de cora\u00e7\u00e3o: notas verdes, neroli<br \/>\nNotas de base: folha violeta, \u00e2mbar-cinzento<br \/>\nCom \u00f3leo precioso de semente de uva<\/p>\n","protected":false},"featured_media":4648,"template":"","meta":[],"product_cat":[29,871],"product_tag":[],"ilha":[49],"linguas":[],"yoast_head":"<!-- This site is optimized with the Yoast SEO plugin v18.8 - https:\/\/yoast.com\/wordpress\/plugins\/seo\/ -->\n<title>Fragr\u00e2ncia ambiente Vinho Branco - Loja dos A\u00e7ores<\/title>\n<meta name=\"robots\" content=\"index, follow, max-snippet:-1, max-image-preview:large, max-video-preview:-1\" \/>\n<link rel=\"canonical\" href=\"https:\/\/lojadosacores.com\/produto\/fragrancia-ambiente-vinho-branco\/\" \/>\n<meta property=\"og:locale\" content=\"en_US\" \/>\n<meta property=\"og:type\" content=\"article\" \/>\n<meta property=\"og:title\" content=\"Fragr\u00e2ncia ambiente Vinho Branco - Loja dos A\u00e7ores\" \/>\n<meta property=\"og:description\" content=\"FRAGR\u00c2NCIA COM NUANCES DE CITRINOS E VERDELHO As notas secas e minerais de Verdelho misturam-se com as notas c\u00edtricas de lim\u00e3o e com a do\u00e7ura do rum, com intensas notas de neroli e folha violeta.  Notas de topo: vinho branco, lim\u00e3o, rum Notas de cora\u00e7\u00e3o: notas verdes, neroli Notas de base: folha violeta, \u00e2mbar-cinzento Com \u00f3leo precioso de semente de uva\" \/>\n<meta property=\"og:url\" content=\"https:\/\/lojadosacores.com\/produto\/fragrancia-ambiente-vinho-branco\/\" \/>\n<meta property=\"og:site_name\" content=\"Loja dos A\u00e7ores\" \/>\n<meta property=\"og:image\" content=\"https:\/\/lojadosacores.com\/wp-content\/uploads\/imagens\/analisadas\/SPL57.jpg\" \/>\n\t<meta property=\"og:image:width\" content=\"582\" \/>\n\t<meta property=\"og:image:height\" content=\"389\" \/>\n\t<meta property=\"og:image:type\" content=\"image\/jpeg\" \/>\n<meta name=\"twitter:card\" content=\"summary_large_image\" \/>\n<script type=\"application\/ld+json\" class=\"yoast-schema-graph\">{\"@context\":\"https:\/\/schema.org\",\"@graph\":[{\"@type\":\"WebSite\",\"@id\":\"https:\/\/lojadosacores.com\/#website\",\"url\":\"https:\/\/lojadosacores.com\/\",\"name\":\"Loja dos A\u00e7ores\",\"description\":\"\",\"potentialAction\":[{\"@type\":\"SearchAction\",\"target\":{\"@type\":\"EntryPoint\",\"urlTemplate\":\"https:\/\/lojadosacores.com\/?s={search_term_string}\"},\"query-input\":\"required name=search_term_string\"}],\"inLanguage\":\"en-US\"},{\"@type\":\"ImageObject\",\"inLanguage\":\"en-US\",\"@id\":\"https:\/\/lojadosacores.com\/produto\/fragrancia-ambiente-vinho-branco\/#primaryimage\",\"url\":\"https:\/\/lojadosacores.com\/wp-content\/uploads\/imagens\/analisadas\/SPL57.jpg\",\"contentUrl\":\"https:\/\/lojadosacores.com\/wp-content\/uploads\/imagens\/analisadas\/SPL57.jpg\",\"width\":582,\"height\":389},{\"@type\":\"WebPage\",\"@id\":\"https:\/\/lojadosacores.com\/produto\/fragrancia-ambiente-vinho-branco\/#webpage\",\"url\":\"https:\/\/lojadosacores.com\/produto\/fragrancia-ambiente-vinho-branco\/\",\"name\":\"Fragr\u00e2ncia ambiente Vinho Branco - Loja dos A\u00e7ores\",\"isPartOf\":{\"@id\":\"https:\/\/lojadosacores.com\/#website\"},\"primaryImageOfPage\":{\"@id\":\"https:\/\/lojadosacores.com\/produto\/fragrancia-ambiente-vinho-branco\/#primaryimage\"},\"datePublished\":\"2026-04-17T00:19:43+00:00\",\"dateModified\":\"2026-04-17T00:19:43+00:00\",\"breadcrumb\":{\"@id\":\"https:\/\/lojadosacores.com\/produto\/fragrancia-ambiente-vinho-branco\/#breadcrumb\"},\"inLanguage\":\"en-US\",\"potentialAction\":[{\"@type\":\"ReadAction\",\"target\":[\"https:\/\/lojadosacores.com\/produto\/fragrancia-ambiente-vinho-branco\/\"]}]},{\"@type\":\"BreadcrumbList\",\"@id\":\"https:\/\/lojadosacores.com\/produto\/fragrancia-ambiente-vinho-branco\/#breadcrumb\",\"itemListElement\":[{\"@type\":\"ListItem\",\"position\":1,\"name\":\"Products\",\"item\":\"http:\/\/lojadosacores.com\/en\/azores-products\/\"},{\"@type\":\"ListItem\",\"position\":2,\"name\":\"Fragr\u00e2ncia ambiente Vinho Branco\"}]}]}<\/script>\n<!-- \/ Yoast SEO plugin. -->","yoast_head_json":{"title":"Fragr\u00e2ncia ambiente Vinho Branco - Loja dos A\u00e7ores","robots":{"index":"index","follow":"follow","max-snippet":"max-snippet:-1","max-image-preview":"max-image-preview:large","max-video-preview":"max-video-preview:-1"},"canonical":"https:\/\/lojadosacores.com\/produto\/fragrancia-ambiente-vinho-branco\/","og_locale":"en_US","og_type":"article","og_title":"Fragr\u00e2ncia ambiente Vinho Branco - Loja dos A\u00e7ores","og_description":"FRAGR\u00c2NCIA COM NUANCES DE CITRINOS E VERDELHO As notas secas e minerais de Verdelho misturam-se com as notas c\u00edtricas de lim\u00e3o e com a do\u00e7ura do rum, com intensas notas de neroli e folha violeta.  Notas de topo: vinho branco, lim\u00e3o, rum Notas de cora\u00e7\u00e3o: notas verdes, neroli Notas de base: folha violeta, \u00e2mbar-cinzento Com \u00f3leo precioso de semente de uva","og_url":"https:\/\/lojadosacores.com\/produto\/fragrancia-ambiente-vinho-branco\/","og_site_name":"Loja dos A\u00e7ores","og_image":[{"width":582,"height":389,"url":"https:\/\/lojadosacores.com\/wp-content\/uploads\/imagens\/analisadas\/SPL57.jpg","type":"image\/jpeg"}],"twitter_card":"summary_large_image","schema":{"@context":"https:\/\/schema.org","@graph":[{"@type":"WebSite","@id":"https:\/\/lojadosacores.com\/#website","url":"https:\/\/lojadosacores.com\/","name":"Loja dos A\u00e7ores","description":"","potentialAction":[{"@type":"SearchAction","target":{"@type":"EntryPoint","urlTemplate":"https:\/\/lojadosacores.com\/?s={search_term_string}"},"query-input":"required name=search_term_string"}],"inLanguage":"en-US"},{"@type":"ImageObject","inLanguage":"en-US","@id":"https:\/\/lojadosacores.com\/produto\/fragrancia-ambiente-vinho-branco\/#primaryimage","url":"https:\/\/lojadosacores.com\/wp-content\/uploads\/imagens\/analisadas\/SPL57.jpg","contentUrl":"https:\/\/lojadosacores.com\/wp-content\/uploads\/imagens\/analisadas\/SPL57.jpg","width":582,"height":389},{"@type":"WebPage","@id":"https:\/\/lojadosacores.com\/produto\/fragrancia-ambiente-vinho-branco\/#webpage","url":"https:\/\/lojadosacores.com\/produto\/fragrancia-ambiente-vinho-branco\/","name":"Fragr\u00e2ncia ambiente Vinho Branco - Loja dos A\u00e7ores","isPartOf":{"@id":"https:\/\/lojadosacores.com\/#website"},"primaryImageOfPage":{"@id":"https:\/\/lojadosacores.com\/produto\/fragrancia-ambiente-vinho-branco\/#primaryimage"},"datePublished":"2026-04-17T00:19:43+00:00","dateModified":"2026-04-17T00:19:43+00:00","breadcrumb":{"@id":"https:\/\/lojadosacores.com\/produto\/fragrancia-ambiente-vinho-branco\/#breadcrumb"},"inLanguage":"en-US","potentialAction":[{"@type":"ReadAction","target":["https:\/\/lojadosacores.com\/produto\/fragrancia-ambiente-vinho-branco\/"]}]},{"@type":"BreadcrumbList","@id":"https:\/\/lojadosacores.com\/produto\/fragrancia-ambiente-vinho-branco\/#breadcrumb","itemListElement":[{"@type":"ListItem","position":1,"name":"Products","item":"http:\/\/lojadosacores.com\/en\/azores-products\/"},{"@type":"ListItem","position":2,"name":"Fragr\u00e2ncia ambiente Vinho Branco"}]}]}},"_links":{"self":[{"href":"https:\/\/lojadosacores.com\/en\/wp-json\/wp\/v2\/product\/4630"}],"collection":[{"href":"https:\/\/lojadosacores.com\/en\/wp-json\/wp\/v2\/product"}],"about":[{"href":"https:\/\/lojadosacores.com\/en\/wp-json\/wp\/v2\/types\/product"}],"wp:featuredmedia":[{"embeddable":true,"href":"https:\/\/lojadosacores.com\/en\/wp-json\/wp\/v2\/media\/4648"}],"wp:attachment":[{"href":"https:\/\/lojadosacores.com\/en\/wp-json\/wp\/v2\/media?parent=4630"}],"wp:term":[{"taxonomy":"product_cat","embeddable":true,"href":"https:\/\/lojadosacores.com\/en\/wp-json\/wp\/v2\/product_cat?post=4630"},{"taxonomy":"product_tag","embeddable":true,"href":"https:\/\/lojadosacores.com\/en\/wp-json\/wp\/v2\/product_tag?post=4630"},{"taxonomy":"ilha","embeddable":true,"href":"https:\/\/lojadosacores.com\/en\/wp-json\/wp\/v2\/ilha?post=4630"},{"taxonomy":"linguas","embeddable":true,"href":"https:\/\/lojadosacores.com\/en\/wp-json\/wp\/v2\/linguas?post=4630"}],"curies":[{"name":"wp","href":"https:\/\/api.w.org\/{rel}","templated":true}]}}