{"id":2435670,"date":"2026-04-24T00:31:09","date_gmt":"2026-04-24T00:31:09","guid":{"rendered":"https:\/\/lojadosacores.com\/produto\/mini-natividade-em-folha-de-milho-da-ilha-terceira-2\/"},"modified":"2026-04-24T00:31:09","modified_gmt":"2026-04-24T00:31:09","slug":"mini-natividade-em-folha-de-milho-da-ilha-terceira-2","status":"publish","type":"product","link":"https:\/\/lojadosacores.com\/en\/produto\/mini-natividade-em-folha-de-milho-da-ilha-terceira-2\/","title":{"rendered":"Mini Natividade em Folha de Milho, da ilha Terceira"},"content":{"rendered":"<p>Mede 6,50&#215;4,50 cm<br \/>\nUma rolha de corti\u00e7a faz o moinho.<br \/>\nMuito original!<br \/>\nA\u00e7oriano, concerteza!<\/p>\n","protected":false},"excerpt":{"rendered":"<p>Mede 6,50&#215;4,50 cm<br \/>\nUma rolha de corti\u00e7a faz o moinho.<br \/>\nMuito original!<br \/>\nA\u00e7oriano, concerteza!<\/p>\n","protected":false},"featured_media":2435676,"template":"","meta":[],"product_cat":[29,863],"product_tag":[],"ilha":[46],"linguas":[],"yoast_head":"<!-- This site is optimized with the Yoast SEO plugin v18.8 - https:\/\/yoast.com\/wordpress\/plugins\/seo\/ -->\n<title>Mini Natividade em Folha de Milho, da ilha Terceira - Loja dos A\u00e7ores<\/title>\n<meta name=\"robots\" content=\"index, follow, max-snippet:-1, max-image-preview:large, max-video-preview:-1\" \/>\n<link rel=\"canonical\" href=\"https:\/\/lojadosacores.com\/produto\/mini-natividade-em-folha-de-milho-da-ilha-terceira-2\/\" \/>\n<meta property=\"og:locale\" content=\"en_US\" \/>\n<meta property=\"og:type\" content=\"article\" \/>\n<meta property=\"og:title\" content=\"Mini Natividade em Folha de Milho, da ilha Terceira - Loja dos A\u00e7ores\" \/>\n<meta property=\"og:description\" content=\"Mede 6,50x4,50 cm Uma rolha de corti\u00e7a faz o moinho. Muito original! A\u00e7oriano, concerteza!\" \/>\n<meta property=\"og:url\" content=\"https:\/\/lojadosacores.com\/produto\/mini-natividade-em-folha-de-milho-da-ilha-terceira-2\/\" \/>\n<meta property=\"og:site_name\" content=\"Loja dos A\u00e7ores\" \/>\n<meta property=\"og:image\" content=\"https:\/\/lojadosacores.com\/wp-content\/uploads\/imagens\/analisadas\/AR163B.jpg\" \/>\n\t<meta property=\"og:image:width\" content=\"2307\" \/>\n\t<meta property=\"og:image:height\" content=\"2501\" \/>\n\t<meta property=\"og:image:type\" content=\"image\/jpeg\" \/>\n<meta name=\"twitter:card\" content=\"summary_large_image\" \/>\n<script type=\"application\/ld+json\" class=\"yoast-schema-graph\">{\"@context\":\"https:\/\/schema.org\",\"@graph\":[{\"@type\":\"WebSite\",\"@id\":\"https:\/\/lojadosacores.com\/#website\",\"url\":\"https:\/\/lojadosacores.com\/\",\"name\":\"Loja dos A\u00e7ores\",\"description\":\"\",\"potentialAction\":[{\"@type\":\"SearchAction\",\"target\":{\"@type\":\"EntryPoint\",\"urlTemplate\":\"https:\/\/lojadosacores.com\/?s={search_term_string}\"},\"query-input\":\"required name=search_term_string\"}],\"inLanguage\":\"en-US\"},{\"@type\":\"ImageObject\",\"inLanguage\":\"en-US\",\"@id\":\"https:\/\/lojadosacores.com\/produto\/mini-natividade-em-folha-de-milho-da-ilha-terceira-2\/#primaryimage\",\"url\":\"https:\/\/lojadosacores.com\/wp-content\/uploads\/imagens\/analisadas\/AR163B.jpg\",\"contentUrl\":\"https:\/\/lojadosacores.com\/wp-content\/uploads\/imagens\/analisadas\/AR163B.jpg\",\"width\":2307,\"height\":2501},{\"@type\":\"WebPage\",\"@id\":\"https:\/\/lojadosacores.com\/produto\/mini-natividade-em-folha-de-milho-da-ilha-terceira-2\/#webpage\",\"url\":\"https:\/\/lojadosacores.com\/produto\/mini-natividade-em-folha-de-milho-da-ilha-terceira-2\/\",\"name\":\"Mini Natividade em Folha de Milho, da ilha Terceira - Loja dos A\u00e7ores\",\"isPartOf\":{\"@id\":\"https:\/\/lojadosacores.com\/#website\"},\"primaryImageOfPage\":{\"@id\":\"https:\/\/lojadosacores.com\/produto\/mini-natividade-em-folha-de-milho-da-ilha-terceira-2\/#primaryimage\"},\"datePublished\":\"2026-04-24T00:31:09+00:00\",\"dateModified\":\"2026-04-24T00:31:09+00:00\",\"breadcrumb\":{\"@id\":\"https:\/\/lojadosacores.com\/produto\/mini-natividade-em-folha-de-milho-da-ilha-terceira-2\/#breadcrumb\"},\"inLanguage\":\"en-US\",\"potentialAction\":[{\"@type\":\"ReadAction\",\"target\":[\"https:\/\/lojadosacores.com\/produto\/mini-natividade-em-folha-de-milho-da-ilha-terceira-2\/\"]}]},{\"@type\":\"BreadcrumbList\",\"@id\":\"https:\/\/lojadosacores.com\/produto\/mini-natividade-em-folha-de-milho-da-ilha-terceira-2\/#breadcrumb\",\"itemListElement\":[{\"@type\":\"ListItem\",\"position\":1,\"name\":\"Products\",\"item\":\"http:\/\/lojadosacores.com\/en\/azores-products\/\"},{\"@type\":\"ListItem\",\"position\":2,\"name\":\"Mini Natividade em Folha de Milho, da ilha Terceira\"}]}]}<\/script>\n<!-- \/ Yoast SEO plugin. -->","yoast_head_json":{"title":"Mini Natividade em Folha de Milho, da ilha Terceira - Loja dos A\u00e7ores","robots":{"index":"index","follow":"follow","max-snippet":"max-snippet:-1","max-image-preview":"max-image-preview:large","max-video-preview":"max-video-preview:-1"},"canonical":"https:\/\/lojadosacores.com\/produto\/mini-natividade-em-folha-de-milho-da-ilha-terceira-2\/","og_locale":"en_US","og_type":"article","og_title":"Mini Natividade em Folha de Milho, da ilha Terceira - Loja dos A\u00e7ores","og_description":"Mede 6,50x4,50 cm Uma rolha de corti\u00e7a faz o moinho. Muito original! A\u00e7oriano, concerteza!","og_url":"https:\/\/lojadosacores.com\/produto\/mini-natividade-em-folha-de-milho-da-ilha-terceira-2\/","og_site_name":"Loja dos A\u00e7ores","og_image":[{"width":2307,"height":2501,"url":"https:\/\/lojadosacores.com\/wp-content\/uploads\/imagens\/analisadas\/AR163B.jpg","type":"image\/jpeg"}],"twitter_card":"summary_large_image","schema":{"@context":"https:\/\/schema.org","@graph":[{"@type":"WebSite","@id":"https:\/\/lojadosacores.com\/#website","url":"https:\/\/lojadosacores.com\/","name":"Loja dos A\u00e7ores","description":"","potentialAction":[{"@type":"SearchAction","target":{"@type":"EntryPoint","urlTemplate":"https:\/\/lojadosacores.com\/?s={search_term_string}"},"query-input":"required name=search_term_string"}],"inLanguage":"en-US"},{"@type":"ImageObject","inLanguage":"en-US","@id":"https:\/\/lojadosacores.com\/produto\/mini-natividade-em-folha-de-milho-da-ilha-terceira-2\/#primaryimage","url":"https:\/\/lojadosacores.com\/wp-content\/uploads\/imagens\/analisadas\/AR163B.jpg","contentUrl":"https:\/\/lojadosacores.com\/wp-content\/uploads\/imagens\/analisadas\/AR163B.jpg","width":2307,"height":2501},{"@type":"WebPage","@id":"https:\/\/lojadosacores.com\/produto\/mini-natividade-em-folha-de-milho-da-ilha-terceira-2\/#webpage","url":"https:\/\/lojadosacores.com\/produto\/mini-natividade-em-folha-de-milho-da-ilha-terceira-2\/","name":"Mini Natividade em Folha de Milho, da ilha Terceira - Loja dos A\u00e7ores","isPartOf":{"@id":"https:\/\/lojadosacores.com\/#website"},"primaryImageOfPage":{"@id":"https:\/\/lojadosacores.com\/produto\/mini-natividade-em-folha-de-milho-da-ilha-terceira-2\/#primaryimage"},"datePublished":"2026-04-24T00:31:09+00:00","dateModified":"2026-04-24T00:31:09+00:00","breadcrumb":{"@id":"https:\/\/lojadosacores.com\/produto\/mini-natividade-em-folha-de-milho-da-ilha-terceira-2\/#breadcrumb"},"inLanguage":"en-US","potentialAction":[{"@type":"ReadAction","target":["https:\/\/lojadosacores.com\/produto\/mini-natividade-em-folha-de-milho-da-ilha-terceira-2\/"]}]},{"@type":"BreadcrumbList","@id":"https:\/\/lojadosacores.com\/produto\/mini-natividade-em-folha-de-milho-da-ilha-terceira-2\/#breadcrumb","itemListElement":[{"@type":"ListItem","position":1,"name":"Products","item":"http:\/\/lojadosacores.com\/en\/azores-products\/"},{"@type":"ListItem","position":2,"name":"Mini Natividade em Folha de Milho, da ilha Terceira"}]}]}},"_links":{"self":[{"href":"https:\/\/lojadosacores.com\/en\/wp-json\/wp\/v2\/product\/2435670"}],"collection":[{"href":"https:\/\/lojadosacores.com\/en\/wp-json\/wp\/v2\/product"}],"about":[{"href":"https:\/\/lojadosacores.com\/en\/wp-json\/wp\/v2\/types\/product"}],"wp:featuredmedia":[{"embeddable":true,"href":"https:\/\/lojadosacores.com\/en\/wp-json\/wp\/v2\/media\/2435676"}],"wp:attachment":[{"href":"https:\/\/lojadosacores.com\/en\/wp-json\/wp\/v2\/media?parent=2435670"}],"wp:term":[{"taxonomy":"product_cat","embeddable":true,"href":"https:\/\/lojadosacores.com\/en\/wp-json\/wp\/v2\/product_cat?post=2435670"},{"taxonomy":"product_tag","embeddable":true,"href":"https:\/\/lojadosacores.com\/en\/wp-json\/wp\/v2\/product_tag?post=2435670"},{"taxonomy":"ilha","embeddable":true,"href":"https:\/\/lojadosacores.com\/en\/wp-json\/wp\/v2\/ilha?post=2435670"},{"taxonomy":"linguas","embeddable":true,"href":"https:\/\/lojadosacores.com\/en\/wp-json\/wp\/v2\/linguas?post=2435670"}],"curies":[{"name":"wp","href":"https:\/\/api.w.org\/{rel}","templated":true}]}}