{"id":2435555,"date":"2026-04-16T04:02:30","date_gmt":"2026-04-16T04:02:30","guid":{"rendered":"https:\/\/lojadosacores.com\/produto\/azulejo-1515-cm-tema-santo-cristo-dos-milagres\/"},"modified":"2026-04-16T04:02:30","modified_gmt":"2026-04-16T04:02:30","slug":"azulejo-1515-cm-tema-santo-cristo-dos-milagres","status":"publish","type":"product","link":"https:\/\/lojadosacores.com\/en\/produto\/azulejo-1515-cm-tema-santo-cristo-dos-milagres\/","title":{"rendered":"Azulejo 15*15 cm, Tema- Santo Cristo dos Milagres"},"content":{"rendered":"<p>Pintado \u00e0 m\u00e3o na ilha de S\u00e3o Miguel!<\/p>\n","protected":false},"excerpt":{"rendered":"<p>Pintado \u00e0 m\u00e3o na ilha de S\u00e3o Miguel!<\/p>\n","protected":false},"featured_media":2435556,"template":"","meta":[],"product_cat":[29,858],"product_tag":[],"ilha":[44],"linguas":[],"yoast_head":"<!-- This site is optimized with the Yoast SEO plugin v18.8 - https:\/\/yoast.com\/wordpress\/plugins\/seo\/ -->\n<title>Azulejo 15*15 cm, Tema- Santo Cristo dos Milagres - Loja dos A\u00e7ores<\/title>\n<meta name=\"robots\" content=\"index, follow, max-snippet:-1, max-image-preview:large, max-video-preview:-1\" \/>\n<link rel=\"canonical\" href=\"https:\/\/lojadosacores.com\/produto\/azulejo-1515-cm-tema-santo-cristo-dos-milagres\/\" \/>\n<meta property=\"og:locale\" content=\"en_US\" \/>\n<meta property=\"og:type\" content=\"article\" \/>\n<meta property=\"og:title\" content=\"Azulejo 15*15 cm, Tema- Santo Cristo dos Milagres - Loja dos A\u00e7ores\" \/>\n<meta property=\"og:description\" content=\"Pintado \u00e0 m\u00e3o na ilha de S\u00e3o Miguel!\" \/>\n<meta property=\"og:url\" content=\"https:\/\/lojadosacores.com\/produto\/azulejo-1515-cm-tema-santo-cristo-dos-milagres\/\" \/>\n<meta property=\"og:site_name\" content=\"Loja dos A\u00e7ores\" \/>\n<meta property=\"og:image\" content=\"https:\/\/lojadosacores.com\/wp-content\/uploads\/imagens\/analisadas\/AZ38.jpg\" \/>\n\t<meta property=\"og:image:width\" content=\"1177\" \/>\n\t<meta property=\"og:image:height\" content=\"1210\" \/>\n\t<meta property=\"og:image:type\" content=\"image\/jpeg\" \/>\n<meta name=\"twitter:card\" content=\"summary_large_image\" \/>\n<script type=\"application\/ld+json\" class=\"yoast-schema-graph\">{\"@context\":\"https:\/\/schema.org\",\"@graph\":[{\"@type\":\"WebSite\",\"@id\":\"https:\/\/lojadosacores.com\/#website\",\"url\":\"https:\/\/lojadosacores.com\/\",\"name\":\"Loja dos A\u00e7ores\",\"description\":\"\",\"potentialAction\":[{\"@type\":\"SearchAction\",\"target\":{\"@type\":\"EntryPoint\",\"urlTemplate\":\"https:\/\/lojadosacores.com\/?s={search_term_string}\"},\"query-input\":\"required name=search_term_string\"}],\"inLanguage\":\"en-US\"},{\"@type\":\"ImageObject\",\"inLanguage\":\"en-US\",\"@id\":\"https:\/\/lojadosacores.com\/produto\/azulejo-1515-cm-tema-santo-cristo-dos-milagres\/#primaryimage\",\"url\":\"https:\/\/lojadosacores.com\/wp-content\/uploads\/imagens\/analisadas\/AZ38.jpg\",\"contentUrl\":\"https:\/\/lojadosacores.com\/wp-content\/uploads\/imagens\/analisadas\/AZ38.jpg\",\"width\":1177,\"height\":1210},{\"@type\":\"WebPage\",\"@id\":\"https:\/\/lojadosacores.com\/produto\/azulejo-1515-cm-tema-santo-cristo-dos-milagres\/#webpage\",\"url\":\"https:\/\/lojadosacores.com\/produto\/azulejo-1515-cm-tema-santo-cristo-dos-milagres\/\",\"name\":\"Azulejo 15*15 cm, Tema- Santo Cristo dos Milagres - Loja dos A\u00e7ores\",\"isPartOf\":{\"@id\":\"https:\/\/lojadosacores.com\/#website\"},\"primaryImageOfPage\":{\"@id\":\"https:\/\/lojadosacores.com\/produto\/azulejo-1515-cm-tema-santo-cristo-dos-milagres\/#primaryimage\"},\"datePublished\":\"2026-04-16T04:02:30+00:00\",\"dateModified\":\"2026-04-16T04:02:30+00:00\",\"breadcrumb\":{\"@id\":\"https:\/\/lojadosacores.com\/produto\/azulejo-1515-cm-tema-santo-cristo-dos-milagres\/#breadcrumb\"},\"inLanguage\":\"en-US\",\"potentialAction\":[{\"@type\":\"ReadAction\",\"target\":[\"https:\/\/lojadosacores.com\/produto\/azulejo-1515-cm-tema-santo-cristo-dos-milagres\/\"]}]},{\"@type\":\"BreadcrumbList\",\"@id\":\"https:\/\/lojadosacores.com\/produto\/azulejo-1515-cm-tema-santo-cristo-dos-milagres\/#breadcrumb\",\"itemListElement\":[{\"@type\":\"ListItem\",\"position\":1,\"name\":\"Products\",\"item\":\"http:\/\/lojadosacores.com\/en\/azores-products\/\"},{\"@type\":\"ListItem\",\"position\":2,\"name\":\"Azulejo 15*15 cm, Tema- Santo Cristo dos Milagres\"}]}]}<\/script>\n<!-- \/ Yoast SEO plugin. -->","yoast_head_json":{"title":"Azulejo 15*15 cm, Tema- Santo Cristo dos Milagres - Loja dos A\u00e7ores","robots":{"index":"index","follow":"follow","max-snippet":"max-snippet:-1","max-image-preview":"max-image-preview:large","max-video-preview":"max-video-preview:-1"},"canonical":"https:\/\/lojadosacores.com\/produto\/azulejo-1515-cm-tema-santo-cristo-dos-milagres\/","og_locale":"en_US","og_type":"article","og_title":"Azulejo 15*15 cm, Tema- Santo Cristo dos Milagres - Loja dos A\u00e7ores","og_description":"Pintado \u00e0 m\u00e3o na ilha de S\u00e3o Miguel!","og_url":"https:\/\/lojadosacores.com\/produto\/azulejo-1515-cm-tema-santo-cristo-dos-milagres\/","og_site_name":"Loja dos A\u00e7ores","og_image":[{"width":1177,"height":1210,"url":"https:\/\/lojadosacores.com\/wp-content\/uploads\/imagens\/analisadas\/AZ38.jpg","type":"image\/jpeg"}],"twitter_card":"summary_large_image","schema":{"@context":"https:\/\/schema.org","@graph":[{"@type":"WebSite","@id":"https:\/\/lojadosacores.com\/#website","url":"https:\/\/lojadosacores.com\/","name":"Loja dos A\u00e7ores","description":"","potentialAction":[{"@type":"SearchAction","target":{"@type":"EntryPoint","urlTemplate":"https:\/\/lojadosacores.com\/?s={search_term_string}"},"query-input":"required name=search_term_string"}],"inLanguage":"en-US"},{"@type":"ImageObject","inLanguage":"en-US","@id":"https:\/\/lojadosacores.com\/produto\/azulejo-1515-cm-tema-santo-cristo-dos-milagres\/#primaryimage","url":"https:\/\/lojadosacores.com\/wp-content\/uploads\/imagens\/analisadas\/AZ38.jpg","contentUrl":"https:\/\/lojadosacores.com\/wp-content\/uploads\/imagens\/analisadas\/AZ38.jpg","width":1177,"height":1210},{"@type":"WebPage","@id":"https:\/\/lojadosacores.com\/produto\/azulejo-1515-cm-tema-santo-cristo-dos-milagres\/#webpage","url":"https:\/\/lojadosacores.com\/produto\/azulejo-1515-cm-tema-santo-cristo-dos-milagres\/","name":"Azulejo 15*15 cm, Tema- Santo Cristo dos Milagres - Loja dos A\u00e7ores","isPartOf":{"@id":"https:\/\/lojadosacores.com\/#website"},"primaryImageOfPage":{"@id":"https:\/\/lojadosacores.com\/produto\/azulejo-1515-cm-tema-santo-cristo-dos-milagres\/#primaryimage"},"datePublished":"2026-04-16T04:02:30+00:00","dateModified":"2026-04-16T04:02:30+00:00","breadcrumb":{"@id":"https:\/\/lojadosacores.com\/produto\/azulejo-1515-cm-tema-santo-cristo-dos-milagres\/#breadcrumb"},"inLanguage":"en-US","potentialAction":[{"@type":"ReadAction","target":["https:\/\/lojadosacores.com\/produto\/azulejo-1515-cm-tema-santo-cristo-dos-milagres\/"]}]},{"@type":"BreadcrumbList","@id":"https:\/\/lojadosacores.com\/produto\/azulejo-1515-cm-tema-santo-cristo-dos-milagres\/#breadcrumb","itemListElement":[{"@type":"ListItem","position":1,"name":"Products","item":"http:\/\/lojadosacores.com\/en\/azores-products\/"},{"@type":"ListItem","position":2,"name":"Azulejo 15*15 cm, Tema- Santo Cristo dos Milagres"}]}]}},"_links":{"self":[{"href":"https:\/\/lojadosacores.com\/en\/wp-json\/wp\/v2\/product\/2435555"}],"collection":[{"href":"https:\/\/lojadosacores.com\/en\/wp-json\/wp\/v2\/product"}],"about":[{"href":"https:\/\/lojadosacores.com\/en\/wp-json\/wp\/v2\/types\/product"}],"wp:featuredmedia":[{"embeddable":true,"href":"https:\/\/lojadosacores.com\/en\/wp-json\/wp\/v2\/media\/2435556"}],"wp:attachment":[{"href":"https:\/\/lojadosacores.com\/en\/wp-json\/wp\/v2\/media?parent=2435555"}],"wp:term":[{"taxonomy":"product_cat","embeddable":true,"href":"https:\/\/lojadosacores.com\/en\/wp-json\/wp\/v2\/product_cat?post=2435555"},{"taxonomy":"product_tag","embeddable":true,"href":"https:\/\/lojadosacores.com\/en\/wp-json\/wp\/v2\/product_tag?post=2435555"},{"taxonomy":"ilha","embeddable":true,"href":"https:\/\/lojadosacores.com\/en\/wp-json\/wp\/v2\/ilha?post=2435555"},{"taxonomy":"linguas","embeddable":true,"href":"https:\/\/lojadosacores.com\/en\/wp-json\/wp\/v2\/linguas?post=2435555"}],"curies":[{"name":"wp","href":"https:\/\/api.w.org\/{rel}","templated":true}]}}