{"id":2435509,"date":"2026-04-30T20:07:30","date_gmt":"2026-04-30T20:07:30","guid":{"rendered":"https:\/\/lojadosacores.com\/produto\/brincos-passaro-azul\/"},"modified":"2026-04-30T20:07:30","modified_gmt":"2026-04-30T20:07:30","slug":"brincos-passaro-azul","status":"publish","type":"product","link":"https:\/\/lojadosacores.com\/en\/produto\/brincos-passaro-azul\/","title":{"rendered":"Brincos p\u00e1ssaro azul"},"content":{"rendered":"<p>Cobre esmaltado<br \/>\nPeso &#8211; 4gr<br \/>\nComp. 5,50 (total)<br \/>\nPe\u00e7a 2,00X2,50<\/p>\n","protected":false},"excerpt":{"rendered":"<p>Cobre esmaltado<br \/>\nPeso &#8211; 4gr<br \/>\nComp. 5,50 (total)<br \/>\nPe\u00e7a 2,00X2,50<\/p>\n","protected":false},"featured_media":2435530,"template":"","meta":[],"product_cat":[29,852],"product_tag":[],"ilha":[44],"linguas":[],"yoast_head":"<!-- This site is optimized with the Yoast SEO plugin v18.8 - https:\/\/yoast.com\/wordpress\/plugins\/seo\/ -->\n<title>Brincos p\u00e1ssaro azul - Loja dos A\u00e7ores<\/title>\n<meta name=\"robots\" content=\"index, follow, max-snippet:-1, max-image-preview:large, max-video-preview:-1\" \/>\n<link rel=\"canonical\" href=\"https:\/\/lojadosacores.com\/produto\/brincos-passaro-azul\/\" \/>\n<meta property=\"og:locale\" content=\"en_US\" \/>\n<meta property=\"og:type\" content=\"article\" \/>\n<meta property=\"og:title\" content=\"Brincos p\u00e1ssaro azul - Loja dos A\u00e7ores\" \/>\n<meta property=\"og:description\" content=\"Cobre esmaltado Peso - 4gr Comp. 5,50 (total) Pe\u00e7a 2,00X2,50\" \/>\n<meta property=\"og:url\" content=\"https:\/\/lojadosacores.com\/produto\/brincos-passaro-azul\/\" \/>\n<meta property=\"og:site_name\" content=\"Loja dos A\u00e7ores\" \/>\n<meta property=\"og:image\" content=\"https:\/\/lojadosacores.com\/wp-content\/uploads\/imagens\/analisadas\/DIV530G-scaled.jpg\" \/>\n\t<meta property=\"og:image:width\" content=\"2114\" \/>\n\t<meta property=\"og:image:height\" content=\"2560\" \/>\n\t<meta property=\"og:image:type\" content=\"image\/jpeg\" \/>\n<meta name=\"twitter:card\" content=\"summary_large_image\" \/>\n<script type=\"application\/ld+json\" class=\"yoast-schema-graph\">{\"@context\":\"https:\/\/schema.org\",\"@graph\":[{\"@type\":\"WebSite\",\"@id\":\"https:\/\/lojadosacores.com\/#website\",\"url\":\"https:\/\/lojadosacores.com\/\",\"name\":\"Loja dos A\u00e7ores\",\"description\":\"\",\"potentialAction\":[{\"@type\":\"SearchAction\",\"target\":{\"@type\":\"EntryPoint\",\"urlTemplate\":\"https:\/\/lojadosacores.com\/?s={search_term_string}\"},\"query-input\":\"required name=search_term_string\"}],\"inLanguage\":\"en-US\"},{\"@type\":\"ImageObject\",\"inLanguage\":\"en-US\",\"@id\":\"https:\/\/lojadosacores.com\/produto\/brincos-passaro-azul\/#primaryimage\",\"url\":\"https:\/\/lojadosacores.com\/wp-content\/uploads\/imagens\/analisadas\/DIV530G-scaled.jpg\",\"contentUrl\":\"https:\/\/lojadosacores.com\/wp-content\/uploads\/imagens\/analisadas\/DIV530G-scaled.jpg\",\"width\":2114,\"height\":2560},{\"@type\":\"WebPage\",\"@id\":\"https:\/\/lojadosacores.com\/produto\/brincos-passaro-azul\/#webpage\",\"url\":\"https:\/\/lojadosacores.com\/produto\/brincos-passaro-azul\/\",\"name\":\"Brincos p\u00e1ssaro azul - Loja dos A\u00e7ores\",\"isPartOf\":{\"@id\":\"https:\/\/lojadosacores.com\/#website\"},\"primaryImageOfPage\":{\"@id\":\"https:\/\/lojadosacores.com\/produto\/brincos-passaro-azul\/#primaryimage\"},\"datePublished\":\"2026-04-30T20:07:30+00:00\",\"dateModified\":\"2026-04-30T20:07:30+00:00\",\"breadcrumb\":{\"@id\":\"https:\/\/lojadosacores.com\/produto\/brincos-passaro-azul\/#breadcrumb\"},\"inLanguage\":\"en-US\",\"potentialAction\":[{\"@type\":\"ReadAction\",\"target\":[\"https:\/\/lojadosacores.com\/produto\/brincos-passaro-azul\/\"]}]},{\"@type\":\"BreadcrumbList\",\"@id\":\"https:\/\/lojadosacores.com\/produto\/brincos-passaro-azul\/#breadcrumb\",\"itemListElement\":[{\"@type\":\"ListItem\",\"position\":1,\"name\":\"Products\",\"item\":\"http:\/\/lojadosacores.com\/en\/azores-products\/\"},{\"@type\":\"ListItem\",\"position\":2,\"name\":\"Brincos p\u00e1ssaro azul\"}]}]}<\/script>\n<!-- \/ Yoast SEO plugin. -->","yoast_head_json":{"title":"Brincos p\u00e1ssaro azul - Loja dos A\u00e7ores","robots":{"index":"index","follow":"follow","max-snippet":"max-snippet:-1","max-image-preview":"max-image-preview:large","max-video-preview":"max-video-preview:-1"},"canonical":"https:\/\/lojadosacores.com\/produto\/brincos-passaro-azul\/","og_locale":"en_US","og_type":"article","og_title":"Brincos p\u00e1ssaro azul - Loja dos A\u00e7ores","og_description":"Cobre esmaltado Peso - 4gr Comp. 5,50 (total) Pe\u00e7a 2,00X2,50","og_url":"https:\/\/lojadosacores.com\/produto\/brincos-passaro-azul\/","og_site_name":"Loja dos A\u00e7ores","og_image":[{"width":2114,"height":2560,"url":"https:\/\/lojadosacores.com\/wp-content\/uploads\/imagens\/analisadas\/DIV530G-scaled.jpg","type":"image\/jpeg"}],"twitter_card":"summary_large_image","schema":{"@context":"https:\/\/schema.org","@graph":[{"@type":"WebSite","@id":"https:\/\/lojadosacores.com\/#website","url":"https:\/\/lojadosacores.com\/","name":"Loja dos A\u00e7ores","description":"","potentialAction":[{"@type":"SearchAction","target":{"@type":"EntryPoint","urlTemplate":"https:\/\/lojadosacores.com\/?s={search_term_string}"},"query-input":"required name=search_term_string"}],"inLanguage":"en-US"},{"@type":"ImageObject","inLanguage":"en-US","@id":"https:\/\/lojadosacores.com\/produto\/brincos-passaro-azul\/#primaryimage","url":"https:\/\/lojadosacores.com\/wp-content\/uploads\/imagens\/analisadas\/DIV530G-scaled.jpg","contentUrl":"https:\/\/lojadosacores.com\/wp-content\/uploads\/imagens\/analisadas\/DIV530G-scaled.jpg","width":2114,"height":2560},{"@type":"WebPage","@id":"https:\/\/lojadosacores.com\/produto\/brincos-passaro-azul\/#webpage","url":"https:\/\/lojadosacores.com\/produto\/brincos-passaro-azul\/","name":"Brincos p\u00e1ssaro azul - Loja dos A\u00e7ores","isPartOf":{"@id":"https:\/\/lojadosacores.com\/#website"},"primaryImageOfPage":{"@id":"https:\/\/lojadosacores.com\/produto\/brincos-passaro-azul\/#primaryimage"},"datePublished":"2026-04-30T20:07:30+00:00","dateModified":"2026-04-30T20:07:30+00:00","breadcrumb":{"@id":"https:\/\/lojadosacores.com\/produto\/brincos-passaro-azul\/#breadcrumb"},"inLanguage":"en-US","potentialAction":[{"@type":"ReadAction","target":["https:\/\/lojadosacores.com\/produto\/brincos-passaro-azul\/"]}]},{"@type":"BreadcrumbList","@id":"https:\/\/lojadosacores.com\/produto\/brincos-passaro-azul\/#breadcrumb","itemListElement":[{"@type":"ListItem","position":1,"name":"Products","item":"http:\/\/lojadosacores.com\/en\/azores-products\/"},{"@type":"ListItem","position":2,"name":"Brincos p\u00e1ssaro azul"}]}]}},"_links":{"self":[{"href":"https:\/\/lojadosacores.com\/en\/wp-json\/wp\/v2\/product\/2435509"}],"collection":[{"href":"https:\/\/lojadosacores.com\/en\/wp-json\/wp\/v2\/product"}],"about":[{"href":"https:\/\/lojadosacores.com\/en\/wp-json\/wp\/v2\/types\/product"}],"wp:featuredmedia":[{"embeddable":true,"href":"https:\/\/lojadosacores.com\/en\/wp-json\/wp\/v2\/media\/2435530"}],"wp:attachment":[{"href":"https:\/\/lojadosacores.com\/en\/wp-json\/wp\/v2\/media?parent=2435509"}],"wp:term":[{"taxonomy":"product_cat","embeddable":true,"href":"https:\/\/lojadosacores.com\/en\/wp-json\/wp\/v2\/product_cat?post=2435509"},{"taxonomy":"product_tag","embeddable":true,"href":"https:\/\/lojadosacores.com\/en\/wp-json\/wp\/v2\/product_tag?post=2435509"},{"taxonomy":"ilha","embeddable":true,"href":"https:\/\/lojadosacores.com\/en\/wp-json\/wp\/v2\/ilha?post=2435509"},{"taxonomy":"linguas","embeddable":true,"href":"https:\/\/lojadosacores.com\/en\/wp-json\/wp\/v2\/linguas?post=2435509"}],"curies":[{"name":"wp","href":"https:\/\/api.w.org\/{rel}","templated":true}]}}