{"id":2435198,"date":"2026-04-30T16:32:08","date_gmt":"2026-04-30T16:32:08","guid":{"rendered":"https:\/\/lojadosacores.com\/produto\/pendente-marfim-2\/"},"modified":"2026-04-30T16:32:08","modified_gmt":"2026-04-30T16:32:08","slug":"pendente-marfim-2","status":"publish","type":"product","link":"https:\/\/lojadosacores.com\/en\/produto\/pendente-marfim-2\/","title":{"rendered":"Pendente marfim"},"content":{"rendered":"<p>Pequeno golfinho, mede 1,00&#215;1,00<br \/>\nPesa 2 gr.<br \/>\nAplica\u00e7\u00e3o \u00e9 em prata<br \/>\nGracioso!<\/p>\n","protected":false},"excerpt":{"rendered":"<p>Pequeno golfinho, mede 1,00&#215;1,00<br \/>\nPesa 2 gr.<br \/>\nAplica\u00e7\u00e3o \u00e9 em prata<br \/>\nGracioso!<\/p>\n","protected":false},"featured_media":2435204,"template":"","meta":[],"product_cat":[29,862],"product_tag":[],"ilha":[48],"linguas":[],"yoast_head":"<!-- This site is optimized with the Yoast SEO plugin v18.8 - https:\/\/yoast.com\/wordpress\/plugins\/seo\/ -->\n<title>Pendente marfim - Loja dos A\u00e7ores<\/title>\n<meta name=\"robots\" content=\"index, follow, max-snippet:-1, max-image-preview:large, max-video-preview:-1\" \/>\n<link rel=\"canonical\" href=\"https:\/\/lojadosacores.com\/produto\/pendente-marfim-2\/\" \/>\n<meta property=\"og:locale\" content=\"en_US\" \/>\n<meta property=\"og:type\" content=\"article\" \/>\n<meta property=\"og:title\" content=\"Pendente marfim - Loja dos A\u00e7ores\" \/>\n<meta property=\"og:description\" content=\"Pequeno golfinho, mede 1,00x1,00 Pesa 2 gr. Aplica\u00e7\u00e3o \u00e9 em prata Gracioso!\" \/>\n<meta property=\"og:url\" content=\"https:\/\/lojadosacores.com\/produto\/pendente-marfim-2\/\" \/>\n<meta property=\"og:site_name\" content=\"Loja dos A\u00e7ores\" \/>\n<meta property=\"og:image\" content=\"https:\/\/lojadosacores.com\/wp-content\/uploads\/imagens\/analisadas\/MAR20-scaled.jpg\" \/>\n\t<meta property=\"og:image:width\" content=\"1433\" \/>\n\t<meta property=\"og:image:height\" content=\"2560\" \/>\n\t<meta property=\"og:image:type\" content=\"image\/jpeg\" \/>\n<meta name=\"twitter:card\" content=\"summary_large_image\" \/>\n<script type=\"application\/ld+json\" class=\"yoast-schema-graph\">{\"@context\":\"https:\/\/schema.org\",\"@graph\":[{\"@type\":\"WebSite\",\"@id\":\"https:\/\/lojadosacores.com\/#website\",\"url\":\"https:\/\/lojadosacores.com\/\",\"name\":\"Loja dos A\u00e7ores\",\"description\":\"\",\"potentialAction\":[{\"@type\":\"SearchAction\",\"target\":{\"@type\":\"EntryPoint\",\"urlTemplate\":\"https:\/\/lojadosacores.com\/?s={search_term_string}\"},\"query-input\":\"required name=search_term_string\"}],\"inLanguage\":\"en-US\"},{\"@type\":\"ImageObject\",\"inLanguage\":\"en-US\",\"@id\":\"https:\/\/lojadosacores.com\/produto\/pendente-marfim-2\/#primaryimage\",\"url\":\"https:\/\/lojadosacores.com\/wp-content\/uploads\/imagens\/analisadas\/MAR20-scaled.jpg\",\"contentUrl\":\"https:\/\/lojadosacores.com\/wp-content\/uploads\/imagens\/analisadas\/MAR20-scaled.jpg\",\"width\":1433,\"height\":2560},{\"@type\":\"WebPage\",\"@id\":\"https:\/\/lojadosacores.com\/produto\/pendente-marfim-2\/#webpage\",\"url\":\"https:\/\/lojadosacores.com\/produto\/pendente-marfim-2\/\",\"name\":\"Pendente marfim - Loja dos A\u00e7ores\",\"isPartOf\":{\"@id\":\"https:\/\/lojadosacores.com\/#website\"},\"primaryImageOfPage\":{\"@id\":\"https:\/\/lojadosacores.com\/produto\/pendente-marfim-2\/#primaryimage\"},\"datePublished\":\"2026-04-30T16:32:08+00:00\",\"dateModified\":\"2026-04-30T16:32:08+00:00\",\"breadcrumb\":{\"@id\":\"https:\/\/lojadosacores.com\/produto\/pendente-marfim-2\/#breadcrumb\"},\"inLanguage\":\"en-US\",\"potentialAction\":[{\"@type\":\"ReadAction\",\"target\":[\"https:\/\/lojadosacores.com\/produto\/pendente-marfim-2\/\"]}]},{\"@type\":\"BreadcrumbList\",\"@id\":\"https:\/\/lojadosacores.com\/produto\/pendente-marfim-2\/#breadcrumb\",\"itemListElement\":[{\"@type\":\"ListItem\",\"position\":1,\"name\":\"Products\",\"item\":\"http:\/\/lojadosacores.com\/en\/azores-products\/\"},{\"@type\":\"ListItem\",\"position\":2,\"name\":\"Pendente marfim\"}]}]}<\/script>\n<!-- \/ Yoast SEO plugin. -->","yoast_head_json":{"title":"Pendente marfim - Loja dos A\u00e7ores","robots":{"index":"index","follow":"follow","max-snippet":"max-snippet:-1","max-image-preview":"max-image-preview:large","max-video-preview":"max-video-preview:-1"},"canonical":"https:\/\/lojadosacores.com\/produto\/pendente-marfim-2\/","og_locale":"en_US","og_type":"article","og_title":"Pendente marfim - Loja dos A\u00e7ores","og_description":"Pequeno golfinho, mede 1,00x1,00 Pesa 2 gr. Aplica\u00e7\u00e3o \u00e9 em prata Gracioso!","og_url":"https:\/\/lojadosacores.com\/produto\/pendente-marfim-2\/","og_site_name":"Loja dos A\u00e7ores","og_image":[{"width":1433,"height":2560,"url":"https:\/\/lojadosacores.com\/wp-content\/uploads\/imagens\/analisadas\/MAR20-scaled.jpg","type":"image\/jpeg"}],"twitter_card":"summary_large_image","schema":{"@context":"https:\/\/schema.org","@graph":[{"@type":"WebSite","@id":"https:\/\/lojadosacores.com\/#website","url":"https:\/\/lojadosacores.com\/","name":"Loja dos A\u00e7ores","description":"","potentialAction":[{"@type":"SearchAction","target":{"@type":"EntryPoint","urlTemplate":"https:\/\/lojadosacores.com\/?s={search_term_string}"},"query-input":"required name=search_term_string"}],"inLanguage":"en-US"},{"@type":"ImageObject","inLanguage":"en-US","@id":"https:\/\/lojadosacores.com\/produto\/pendente-marfim-2\/#primaryimage","url":"https:\/\/lojadosacores.com\/wp-content\/uploads\/imagens\/analisadas\/MAR20-scaled.jpg","contentUrl":"https:\/\/lojadosacores.com\/wp-content\/uploads\/imagens\/analisadas\/MAR20-scaled.jpg","width":1433,"height":2560},{"@type":"WebPage","@id":"https:\/\/lojadosacores.com\/produto\/pendente-marfim-2\/#webpage","url":"https:\/\/lojadosacores.com\/produto\/pendente-marfim-2\/","name":"Pendente marfim - Loja dos A\u00e7ores","isPartOf":{"@id":"https:\/\/lojadosacores.com\/#website"},"primaryImageOfPage":{"@id":"https:\/\/lojadosacores.com\/produto\/pendente-marfim-2\/#primaryimage"},"datePublished":"2026-04-30T16:32:08+00:00","dateModified":"2026-04-30T16:32:08+00:00","breadcrumb":{"@id":"https:\/\/lojadosacores.com\/produto\/pendente-marfim-2\/#breadcrumb"},"inLanguage":"en-US","potentialAction":[{"@type":"ReadAction","target":["https:\/\/lojadosacores.com\/produto\/pendente-marfim-2\/"]}]},{"@type":"BreadcrumbList","@id":"https:\/\/lojadosacores.com\/produto\/pendente-marfim-2\/#breadcrumb","itemListElement":[{"@type":"ListItem","position":1,"name":"Products","item":"http:\/\/lojadosacores.com\/en\/azores-products\/"},{"@type":"ListItem","position":2,"name":"Pendente marfim"}]}]}},"_links":{"self":[{"href":"https:\/\/lojadosacores.com\/en\/wp-json\/wp\/v2\/product\/2435198"}],"collection":[{"href":"https:\/\/lojadosacores.com\/en\/wp-json\/wp\/v2\/product"}],"about":[{"href":"https:\/\/lojadosacores.com\/en\/wp-json\/wp\/v2\/types\/product"}],"wp:featuredmedia":[{"embeddable":true,"href":"https:\/\/lojadosacores.com\/en\/wp-json\/wp\/v2\/media\/2435204"}],"wp:attachment":[{"href":"https:\/\/lojadosacores.com\/en\/wp-json\/wp\/v2\/media?parent=2435198"}],"wp:term":[{"taxonomy":"product_cat","embeddable":true,"href":"https:\/\/lojadosacores.com\/en\/wp-json\/wp\/v2\/product_cat?post=2435198"},{"taxonomy":"product_tag","embeddable":true,"href":"https:\/\/lojadosacores.com\/en\/wp-json\/wp\/v2\/product_tag?post=2435198"},{"taxonomy":"ilha","embeddable":true,"href":"https:\/\/lojadosacores.com\/en\/wp-json\/wp\/v2\/ilha?post=2435198"},{"taxonomy":"linguas","embeddable":true,"href":"https:\/\/lojadosacores.com\/en\/wp-json\/wp\/v2\/linguas?post=2435198"}],"curies":[{"name":"wp","href":"https:\/\/api.w.org\/{rel}","templated":true}]}}