{"id":2435004,"date":"2026-04-24T02:18:55","date_gmt":"2026-04-24T02:18:55","guid":{"rendered":"https:\/\/lojadosacores.com\/produto\/fragrancia-para-casa-50-ml-porto-pim\/"},"modified":"2026-04-24T02:18:55","modified_gmt":"2026-04-24T02:18:55","slug":"fragrancia-para-casa-50-ml-porto-pim","status":"publish","type":"product","link":"https:\/\/lojadosacores.com\/en\/produto\/fragrancia-para-casa-50-ml-porto-pim\/","title":{"rendered":"Fragr\u00e2ncia para casa 50 ml Porto Pim"},"content":{"rendered":"<p>Porto Pim<br \/>\nESPECIARIAS EX\u00d3TICAS, CONHAQUE E TABACO MISTURAM-SE MARAVILHOSAMENTE PARA CRIAR UMA ATMOSFERA QUENTE, \u00cdNTIMA E ACOLHEDORA.<\/p>\n<p>Um porto \u00e0 beira de um oceano abrigado da f\u00faria do mar. O calor de uma taberna numa noite fria e nublada. Perfumes doces e secos de conhaque, tabaco e madeira. Hist\u00f3rias de viagens e mar, tempestades e aventuras, de mundos novos e desconhecidos.<\/p>\n<p>Notas de topo: conhaque, a\u00e7afr\u00e3o, caf\u00e9, oud<br \/>\nNotas de cora\u00e7\u00e3o: labdanum, tabaco, madeira de guaiaco<br \/>\nNotas de base: s\u00e2ndalo, baunilha, madeira de cedro<br \/>\nCom preciosos extratos naturais<\/p>\n","protected":false},"excerpt":{"rendered":"<p>Porto Pim<br \/>\nESPECIARIAS EX\u00d3TICAS, CONHAQUE E TABACO MISTURAM-SE MARAVILHOSAMENTE PARA CRIAR UMA ATMOSFERA QUENTE, \u00cdNTIMA E ACOLHEDORA.<\/p>\n<p>Um porto \u00e0 beira de um oceano abrigado da f\u00faria do mar. O calor de uma taberna numa noite fria e nublada. Perfumes doces e secos de conhaque, tabaco e madeira. Hist\u00f3rias de viagens e mar, tempestades e aventuras, de mundos novos e desconhecidos.<\/p>\n<p>Notas de topo: conhaque, a\u00e7afr\u00e3o, caf\u00e9, oud<br \/>\nNotas de cora\u00e7\u00e3o: labdanum, tabaco, madeira de guaiaco<br \/>\nNotas de base: s\u00e2ndalo, baunilha, madeira de cedro<br \/>\nCom preciosos extratos naturais<\/p>\n","protected":false},"featured_media":2435008,"template":"","meta":[],"product_cat":[29,871],"product_tag":[],"ilha":[49],"linguas":[],"yoast_head":"<!-- This site is optimized with the Yoast SEO plugin v18.8 - https:\/\/yoast.com\/wordpress\/plugins\/seo\/ -->\n<title>Fragr\u00e2ncia para casa 50 ml Porto Pim - Loja dos A\u00e7ores<\/title>\n<meta name=\"robots\" content=\"index, follow, max-snippet:-1, max-image-preview:large, max-video-preview:-1\" \/>\n<link rel=\"canonical\" href=\"https:\/\/lojadosacores.com\/produto\/fragrancia-para-casa-50-ml-porto-pim\/\" \/>\n<meta property=\"og:locale\" content=\"en_US\" \/>\n<meta property=\"og:type\" content=\"article\" \/>\n<meta property=\"og:title\" content=\"Fragr\u00e2ncia para casa 50 ml Porto Pim - Loja dos A\u00e7ores\" \/>\n<meta property=\"og:description\" content=\"Porto Pim ESPECIARIAS EX\u00d3TICAS, CONHAQUE E TABACO MISTURAM-SE MARAVILHOSAMENTE PARA CRIAR UMA ATMOSFERA QUENTE, \u00cdNTIMA E ACOLHEDORA.  Um porto \u00e0 beira de um oceano abrigado da f\u00faria do mar. O calor de uma taberna numa noite fria e nublada. Perfumes doces e secos de conhaque, tabaco e madeira. Hist\u00f3rias de viagens e mar, tempestades e aventuras, de mundos novos e desconhecidos.  Notas de topo: conhaque, a\u00e7afr\u00e3o, caf\u00e9, oud Notas de cora\u00e7\u00e3o: labdanum, tabaco, madeira de guaiaco Notas de base: s\u00e2ndalo, baunilha, madeira de cedro Com preciosos extratos naturais\" \/>\n<meta property=\"og:url\" content=\"https:\/\/lojadosacores.com\/produto\/fragrancia-para-casa-50-ml-porto-pim\/\" \/>\n<meta property=\"og:site_name\" content=\"Loja dos A\u00e7ores\" \/>\n<meta property=\"og:image\" content=\"https:\/\/lojadosacores.com\/wp-content\/uploads\/imagens\/analisadas\/PL57B-scaled.jpg\" \/>\n\t<meta property=\"og:image:width\" content=\"2560\" \/>\n\t<meta property=\"og:image:height\" content=\"1556\" \/>\n\t<meta property=\"og:image:type\" content=\"image\/jpeg\" \/>\n<meta name=\"twitter:card\" content=\"summary_large_image\" \/>\n<script type=\"application\/ld+json\" class=\"yoast-schema-graph\">{\"@context\":\"https:\/\/schema.org\",\"@graph\":[{\"@type\":\"WebSite\",\"@id\":\"https:\/\/lojadosacores.com\/#website\",\"url\":\"https:\/\/lojadosacores.com\/\",\"name\":\"Loja dos A\u00e7ores\",\"description\":\"\",\"potentialAction\":[{\"@type\":\"SearchAction\",\"target\":{\"@type\":\"EntryPoint\",\"urlTemplate\":\"https:\/\/lojadosacores.com\/?s={search_term_string}\"},\"query-input\":\"required name=search_term_string\"}],\"inLanguage\":\"en-US\"},{\"@type\":\"ImageObject\",\"inLanguage\":\"en-US\",\"@id\":\"https:\/\/lojadosacores.com\/produto\/fragrancia-para-casa-50-ml-porto-pim\/#primaryimage\",\"url\":\"https:\/\/lojadosacores.com\/wp-content\/uploads\/imagens\/analisadas\/PL57B-scaled.jpg\",\"contentUrl\":\"https:\/\/lojadosacores.com\/wp-content\/uploads\/imagens\/analisadas\/PL57B-scaled.jpg\",\"width\":2560,\"height\":1556},{\"@type\":\"WebPage\",\"@id\":\"https:\/\/lojadosacores.com\/produto\/fragrancia-para-casa-50-ml-porto-pim\/#webpage\",\"url\":\"https:\/\/lojadosacores.com\/produto\/fragrancia-para-casa-50-ml-porto-pim\/\",\"name\":\"Fragr\u00e2ncia para casa 50 ml Porto Pim - Loja dos A\u00e7ores\",\"isPartOf\":{\"@id\":\"https:\/\/lojadosacores.com\/#website\"},\"primaryImageOfPage\":{\"@id\":\"https:\/\/lojadosacores.com\/produto\/fragrancia-para-casa-50-ml-porto-pim\/#primaryimage\"},\"datePublished\":\"2026-04-24T02:18:55+00:00\",\"dateModified\":\"2026-04-24T02:18:55+00:00\",\"breadcrumb\":{\"@id\":\"https:\/\/lojadosacores.com\/produto\/fragrancia-para-casa-50-ml-porto-pim\/#breadcrumb\"},\"inLanguage\":\"en-US\",\"potentialAction\":[{\"@type\":\"ReadAction\",\"target\":[\"https:\/\/lojadosacores.com\/produto\/fragrancia-para-casa-50-ml-porto-pim\/\"]}]},{\"@type\":\"BreadcrumbList\",\"@id\":\"https:\/\/lojadosacores.com\/produto\/fragrancia-para-casa-50-ml-porto-pim\/#breadcrumb\",\"itemListElement\":[{\"@type\":\"ListItem\",\"position\":1,\"name\":\"Products\",\"item\":\"http:\/\/lojadosacores.com\/en\/azores-products\/\"},{\"@type\":\"ListItem\",\"position\":2,\"name\":\"Fragr\u00e2ncia para casa 50 ml Porto Pim\"}]}]}<\/script>\n<!-- \/ Yoast SEO plugin. -->","yoast_head_json":{"title":"Fragr\u00e2ncia para casa 50 ml Porto Pim - Loja dos A\u00e7ores","robots":{"index":"index","follow":"follow","max-snippet":"max-snippet:-1","max-image-preview":"max-image-preview:large","max-video-preview":"max-video-preview:-1"},"canonical":"https:\/\/lojadosacores.com\/produto\/fragrancia-para-casa-50-ml-porto-pim\/","og_locale":"en_US","og_type":"article","og_title":"Fragr\u00e2ncia para casa 50 ml Porto Pim - Loja dos A\u00e7ores","og_description":"Porto Pim ESPECIARIAS EX\u00d3TICAS, CONHAQUE E TABACO MISTURAM-SE MARAVILHOSAMENTE PARA CRIAR UMA ATMOSFERA QUENTE, \u00cdNTIMA E ACOLHEDORA.  Um porto \u00e0 beira de um oceano abrigado da f\u00faria do mar. O calor de uma taberna numa noite fria e nublada. Perfumes doces e secos de conhaque, tabaco e madeira. Hist\u00f3rias de viagens e mar, tempestades e aventuras, de mundos novos e desconhecidos.  Notas de topo: conhaque, a\u00e7afr\u00e3o, caf\u00e9, oud Notas de cora\u00e7\u00e3o: labdanum, tabaco, madeira de guaiaco Notas de base: s\u00e2ndalo, baunilha, madeira de cedro Com preciosos extratos naturais","og_url":"https:\/\/lojadosacores.com\/produto\/fragrancia-para-casa-50-ml-porto-pim\/","og_site_name":"Loja dos A\u00e7ores","og_image":[{"width":2560,"height":1556,"url":"https:\/\/lojadosacores.com\/wp-content\/uploads\/imagens\/analisadas\/PL57B-scaled.jpg","type":"image\/jpeg"}],"twitter_card":"summary_large_image","schema":{"@context":"https:\/\/schema.org","@graph":[{"@type":"WebSite","@id":"https:\/\/lojadosacores.com\/#website","url":"https:\/\/lojadosacores.com\/","name":"Loja dos A\u00e7ores","description":"","potentialAction":[{"@type":"SearchAction","target":{"@type":"EntryPoint","urlTemplate":"https:\/\/lojadosacores.com\/?s={search_term_string}"},"query-input":"required name=search_term_string"}],"inLanguage":"en-US"},{"@type":"ImageObject","inLanguage":"en-US","@id":"https:\/\/lojadosacores.com\/produto\/fragrancia-para-casa-50-ml-porto-pim\/#primaryimage","url":"https:\/\/lojadosacores.com\/wp-content\/uploads\/imagens\/analisadas\/PL57B-scaled.jpg","contentUrl":"https:\/\/lojadosacores.com\/wp-content\/uploads\/imagens\/analisadas\/PL57B-scaled.jpg","width":2560,"height":1556},{"@type":"WebPage","@id":"https:\/\/lojadosacores.com\/produto\/fragrancia-para-casa-50-ml-porto-pim\/#webpage","url":"https:\/\/lojadosacores.com\/produto\/fragrancia-para-casa-50-ml-porto-pim\/","name":"Fragr\u00e2ncia para casa 50 ml Porto Pim - Loja dos A\u00e7ores","isPartOf":{"@id":"https:\/\/lojadosacores.com\/#website"},"primaryImageOfPage":{"@id":"https:\/\/lojadosacores.com\/produto\/fragrancia-para-casa-50-ml-porto-pim\/#primaryimage"},"datePublished":"2026-04-24T02:18:55+00:00","dateModified":"2026-04-24T02:18:55+00:00","breadcrumb":{"@id":"https:\/\/lojadosacores.com\/produto\/fragrancia-para-casa-50-ml-porto-pim\/#breadcrumb"},"inLanguage":"en-US","potentialAction":[{"@type":"ReadAction","target":["https:\/\/lojadosacores.com\/produto\/fragrancia-para-casa-50-ml-porto-pim\/"]}]},{"@type":"BreadcrumbList","@id":"https:\/\/lojadosacores.com\/produto\/fragrancia-para-casa-50-ml-porto-pim\/#breadcrumb","itemListElement":[{"@type":"ListItem","position":1,"name":"Products","item":"http:\/\/lojadosacores.com\/en\/azores-products\/"},{"@type":"ListItem","position":2,"name":"Fragr\u00e2ncia para casa 50 ml Porto Pim"}]}]}},"_links":{"self":[{"href":"https:\/\/lojadosacores.com\/en\/wp-json\/wp\/v2\/product\/2435004"}],"collection":[{"href":"https:\/\/lojadosacores.com\/en\/wp-json\/wp\/v2\/product"}],"about":[{"href":"https:\/\/lojadosacores.com\/en\/wp-json\/wp\/v2\/types\/product"}],"wp:featuredmedia":[{"embeddable":true,"href":"https:\/\/lojadosacores.com\/en\/wp-json\/wp\/v2\/media\/2435008"}],"wp:attachment":[{"href":"https:\/\/lojadosacores.com\/en\/wp-json\/wp\/v2\/media?parent=2435004"}],"wp:term":[{"taxonomy":"product_cat","embeddable":true,"href":"https:\/\/lojadosacores.com\/en\/wp-json\/wp\/v2\/product_cat?post=2435004"},{"taxonomy":"product_tag","embeddable":true,"href":"https:\/\/lojadosacores.com\/en\/wp-json\/wp\/v2\/product_tag?post=2435004"},{"taxonomy":"ilha","embeddable":true,"href":"https:\/\/lojadosacores.com\/en\/wp-json\/wp\/v2\/ilha?post=2435004"},{"taxonomy":"linguas","embeddable":true,"href":"https:\/\/lojadosacores.com\/en\/wp-json\/wp\/v2\/linguas?post=2435004"}],"curies":[{"name":"wp","href":"https:\/\/api.w.org\/{rel}","templated":true}]}}