{"id":2434122,"date":"2026-05-02T08:07:17","date_gmt":"2026-05-02T08:07:17","guid":{"rendered":"https:\/\/lojadosacores.com\/produto\/brincos-pendentes-c-flor-hortensia-em-escama\/"},"modified":"2026-05-02T08:07:17","modified_gmt":"2026-05-02T08:07:17","slug":"brincos-pendentes-c-flor-hortensia-em-escama","status":"publish","type":"product","link":"https:\/\/lojadosacores.com\/en\/produto\/brincos-pendentes-c-flor-hortensia-em-escama\/","title":{"rendered":"Brincos pendentes c\/ flor Hort\u00eansia em escama"},"content":{"rendered":"<p>Trabalho com Canotilho de prata<br \/>\n P\u00e9talas em  branco e azul<br \/>\nDi\u00e2metro. &#8211; 4 cm<\/p>\n","protected":false},"excerpt":{"rendered":"<p>Trabalho com Canotilho de prata<br \/>\n P\u00e9talas em  branco e azul<br \/>\nDi\u00e2metro. &#8211; 4 cm<\/p>\n","protected":false},"featured_media":2434227,"template":"","meta":[],"product_cat":[29,853],"product_tag":[],"ilha":[44],"linguas":[],"yoast_head":"<!-- This site is optimized with the Yoast SEO plugin v18.8 - https:\/\/yoast.com\/wordpress\/plugins\/seo\/ -->\n<title>Brincos pendentes c\/ flor Hort\u00eansia em escama - Loja dos A\u00e7ores<\/title>\n<meta name=\"robots\" content=\"index, follow, max-snippet:-1, max-image-preview:large, max-video-preview:-1\" \/>\n<link rel=\"canonical\" href=\"https:\/\/lojadosacores.com\/produto\/brincos-pendentes-c-flor-hortensia-em-escama\/\" \/>\n<meta property=\"og:locale\" content=\"en_US\" \/>\n<meta property=\"og:type\" content=\"article\" \/>\n<meta property=\"og:title\" content=\"Brincos pendentes c\/ flor Hort\u00eansia em escama - Loja dos A\u00e7ores\" \/>\n<meta property=\"og:description\" content=\"Trabalho com Canotilho de prata  P\u00e9talas em branco e azul Di\u00e2metro. - 4 cm\" \/>\n<meta property=\"og:url\" content=\"https:\/\/lojadosacores.com\/produto\/brincos-pendentes-c-flor-hortensia-em-escama\/\" \/>\n<meta property=\"og:site_name\" content=\"Loja dos A\u00e7ores\" \/>\n<meta property=\"og:image\" content=\"https:\/\/lojadosacores.com\/wp-content\/uploads\/imagens\/analisadas\/ESC124C-scaled.jpg\" \/>\n\t<meta property=\"og:image:width\" content=\"2560\" \/>\n\t<meta property=\"og:image:height\" content=\"1513\" \/>\n\t<meta property=\"og:image:type\" content=\"image\/jpeg\" \/>\n<meta name=\"twitter:card\" content=\"summary_large_image\" \/>\n<script type=\"application\/ld+json\" class=\"yoast-schema-graph\">{\"@context\":\"https:\/\/schema.org\",\"@graph\":[{\"@type\":\"WebSite\",\"@id\":\"https:\/\/lojadosacores.com\/#website\",\"url\":\"https:\/\/lojadosacores.com\/\",\"name\":\"Loja dos A\u00e7ores\",\"description\":\"\",\"potentialAction\":[{\"@type\":\"SearchAction\",\"target\":{\"@type\":\"EntryPoint\",\"urlTemplate\":\"https:\/\/lojadosacores.com\/?s={search_term_string}\"},\"query-input\":\"required name=search_term_string\"}],\"inLanguage\":\"en-US\"},{\"@type\":\"ImageObject\",\"inLanguage\":\"en-US\",\"@id\":\"https:\/\/lojadosacores.com\/produto\/brincos-pendentes-c-flor-hortensia-em-escama\/#primaryimage\",\"url\":\"https:\/\/lojadosacores.com\/wp-content\/uploads\/imagens\/analisadas\/ESC124C-scaled.jpg\",\"contentUrl\":\"https:\/\/lojadosacores.com\/wp-content\/uploads\/imagens\/analisadas\/ESC124C-scaled.jpg\",\"width\":2560,\"height\":1513},{\"@type\":\"WebPage\",\"@id\":\"https:\/\/lojadosacores.com\/produto\/brincos-pendentes-c-flor-hortensia-em-escama\/#webpage\",\"url\":\"https:\/\/lojadosacores.com\/produto\/brincos-pendentes-c-flor-hortensia-em-escama\/\",\"name\":\"Brincos pendentes c\/ flor Hort\u00eansia em escama - Loja dos A\u00e7ores\",\"isPartOf\":{\"@id\":\"https:\/\/lojadosacores.com\/#website\"},\"primaryImageOfPage\":{\"@id\":\"https:\/\/lojadosacores.com\/produto\/brincos-pendentes-c-flor-hortensia-em-escama\/#primaryimage\"},\"datePublished\":\"2026-05-02T08:07:17+00:00\",\"dateModified\":\"2026-05-02T08:07:17+00:00\",\"breadcrumb\":{\"@id\":\"https:\/\/lojadosacores.com\/produto\/brincos-pendentes-c-flor-hortensia-em-escama\/#breadcrumb\"},\"inLanguage\":\"en-US\",\"potentialAction\":[{\"@type\":\"ReadAction\",\"target\":[\"https:\/\/lojadosacores.com\/produto\/brincos-pendentes-c-flor-hortensia-em-escama\/\"]}]},{\"@type\":\"BreadcrumbList\",\"@id\":\"https:\/\/lojadosacores.com\/produto\/brincos-pendentes-c-flor-hortensia-em-escama\/#breadcrumb\",\"itemListElement\":[{\"@type\":\"ListItem\",\"position\":1,\"name\":\"Products\",\"item\":\"http:\/\/lojadosacores.com\/en\/azores-products\/\"},{\"@type\":\"ListItem\",\"position\":2,\"name\":\"Brincos pendentes c\/ flor Hort\u00eansia em escama\"}]}]}<\/script>\n<!-- \/ Yoast SEO plugin. -->","yoast_head_json":{"title":"Brincos pendentes c\/ flor Hort\u00eansia em escama - Loja dos A\u00e7ores","robots":{"index":"index","follow":"follow","max-snippet":"max-snippet:-1","max-image-preview":"max-image-preview:large","max-video-preview":"max-video-preview:-1"},"canonical":"https:\/\/lojadosacores.com\/produto\/brincos-pendentes-c-flor-hortensia-em-escama\/","og_locale":"en_US","og_type":"article","og_title":"Brincos pendentes c\/ flor Hort\u00eansia em escama - Loja dos A\u00e7ores","og_description":"Trabalho com Canotilho de prata  P\u00e9talas em branco e azul Di\u00e2metro. - 4 cm","og_url":"https:\/\/lojadosacores.com\/produto\/brincos-pendentes-c-flor-hortensia-em-escama\/","og_site_name":"Loja dos A\u00e7ores","og_image":[{"width":2560,"height":1513,"url":"https:\/\/lojadosacores.com\/wp-content\/uploads\/imagens\/analisadas\/ESC124C-scaled.jpg","type":"image\/jpeg"}],"twitter_card":"summary_large_image","schema":{"@context":"https:\/\/schema.org","@graph":[{"@type":"WebSite","@id":"https:\/\/lojadosacores.com\/#website","url":"https:\/\/lojadosacores.com\/","name":"Loja dos A\u00e7ores","description":"","potentialAction":[{"@type":"SearchAction","target":{"@type":"EntryPoint","urlTemplate":"https:\/\/lojadosacores.com\/?s={search_term_string}"},"query-input":"required name=search_term_string"}],"inLanguage":"en-US"},{"@type":"ImageObject","inLanguage":"en-US","@id":"https:\/\/lojadosacores.com\/produto\/brincos-pendentes-c-flor-hortensia-em-escama\/#primaryimage","url":"https:\/\/lojadosacores.com\/wp-content\/uploads\/imagens\/analisadas\/ESC124C-scaled.jpg","contentUrl":"https:\/\/lojadosacores.com\/wp-content\/uploads\/imagens\/analisadas\/ESC124C-scaled.jpg","width":2560,"height":1513},{"@type":"WebPage","@id":"https:\/\/lojadosacores.com\/produto\/brincos-pendentes-c-flor-hortensia-em-escama\/#webpage","url":"https:\/\/lojadosacores.com\/produto\/brincos-pendentes-c-flor-hortensia-em-escama\/","name":"Brincos pendentes c\/ flor Hort\u00eansia em escama - Loja dos A\u00e7ores","isPartOf":{"@id":"https:\/\/lojadosacores.com\/#website"},"primaryImageOfPage":{"@id":"https:\/\/lojadosacores.com\/produto\/brincos-pendentes-c-flor-hortensia-em-escama\/#primaryimage"},"datePublished":"2026-05-02T08:07:17+00:00","dateModified":"2026-05-02T08:07:17+00:00","breadcrumb":{"@id":"https:\/\/lojadosacores.com\/produto\/brincos-pendentes-c-flor-hortensia-em-escama\/#breadcrumb"},"inLanguage":"en-US","potentialAction":[{"@type":"ReadAction","target":["https:\/\/lojadosacores.com\/produto\/brincos-pendentes-c-flor-hortensia-em-escama\/"]}]},{"@type":"BreadcrumbList","@id":"https:\/\/lojadosacores.com\/produto\/brincos-pendentes-c-flor-hortensia-em-escama\/#breadcrumb","itemListElement":[{"@type":"ListItem","position":1,"name":"Products","item":"http:\/\/lojadosacores.com\/en\/azores-products\/"},{"@type":"ListItem","position":2,"name":"Brincos pendentes c\/ flor Hort\u00eansia em escama"}]}]}},"_links":{"self":[{"href":"https:\/\/lojadosacores.com\/en\/wp-json\/wp\/v2\/product\/2434122"}],"collection":[{"href":"https:\/\/lojadosacores.com\/en\/wp-json\/wp\/v2\/product"}],"about":[{"href":"https:\/\/lojadosacores.com\/en\/wp-json\/wp\/v2\/types\/product"}],"wp:featuredmedia":[{"embeddable":true,"href":"https:\/\/lojadosacores.com\/en\/wp-json\/wp\/v2\/media\/2434227"}],"wp:attachment":[{"href":"https:\/\/lojadosacores.com\/en\/wp-json\/wp\/v2\/media?parent=2434122"}],"wp:term":[{"taxonomy":"product_cat","embeddable":true,"href":"https:\/\/lojadosacores.com\/en\/wp-json\/wp\/v2\/product_cat?post=2434122"},{"taxonomy":"product_tag","embeddable":true,"href":"https:\/\/lojadosacores.com\/en\/wp-json\/wp\/v2\/product_tag?post=2434122"},{"taxonomy":"ilha","embeddable":true,"href":"https:\/\/lojadosacores.com\/en\/wp-json\/wp\/v2\/ilha?post=2434122"},{"taxonomy":"linguas","embeddable":true,"href":"https:\/\/lojadosacores.com\/en\/wp-json\/wp\/v2\/linguas?post=2434122"}],"curies":[{"name":"wp","href":"https:\/\/api.w.org\/{rel}","templated":true}]}}