{"id":2433883,"date":"2026-04-30T10:19:05","date_gmt":"2026-04-30T10:19:05","guid":{"rendered":"https:\/\/lojadosacores.com\/produto\/galochas-em-azul-tam-41\/"},"modified":"2026-04-30T10:19:05","modified_gmt":"2026-04-30T10:19:05","slug":"galochas-em-azul-tam-41","status":"publish","type":"product","link":"https:\/\/lojadosacores.com\/en\/produto\/galochas-em-azul-tam-41\/","title":{"rendered":"Galochas em Azul tam.41"},"content":{"rendered":"<p>Base em madeira de Faia<br \/>\n Bordado \u00e0 m\u00e3o em tecido azul<\/p>\n","protected":false},"excerpt":{"rendered":"<p>Base em madeira de Faia<br \/>\n Bordado \u00e0 m\u00e3o em tecido azul<\/p>\n","protected":false},"featured_media":2433894,"template":"","meta":[],"product_cat":[29,864],"product_tag":[],"ilha":[44],"linguas":[],"yoast_head":"<!-- This site is optimized with the Yoast SEO plugin v18.8 - https:\/\/yoast.com\/wordpress\/plugins\/seo\/ -->\n<title>Galochas em Azul tam.41 - Loja dos A\u00e7ores<\/title>\n<meta name=\"robots\" content=\"index, follow, max-snippet:-1, max-image-preview:large, max-video-preview:-1\" \/>\n<link rel=\"canonical\" href=\"https:\/\/lojadosacores.com\/produto\/galochas-em-azul-tam-41\/\" \/>\n<meta property=\"og:locale\" content=\"en_US\" \/>\n<meta property=\"og:type\" content=\"article\" \/>\n<meta property=\"og:title\" content=\"Galochas em Azul tam.41 - Loja dos A\u00e7ores\" \/>\n<meta property=\"og:description\" content=\"Base em madeira de Faia  Bordado \u00e0 m\u00e3o em tecido azul\" \/>\n<meta property=\"og:url\" content=\"https:\/\/lojadosacores.com\/produto\/galochas-em-azul-tam-41\/\" \/>\n<meta property=\"og:site_name\" content=\"Loja dos A\u00e7ores\" \/>\n<meta property=\"og:image\" content=\"https:\/\/lojadosacores.com\/wp-content\/uploads\/imagens\/analisadas\/DIV735A-scaled.jpg\" \/>\n\t<meta property=\"og:image:width\" content=\"1983\" \/>\n\t<meta property=\"og:image:height\" content=\"2560\" \/>\n\t<meta property=\"og:image:type\" content=\"image\/jpeg\" \/>\n<meta name=\"twitter:card\" content=\"summary_large_image\" \/>\n<script type=\"application\/ld+json\" class=\"yoast-schema-graph\">{\"@context\":\"https:\/\/schema.org\",\"@graph\":[{\"@type\":\"WebSite\",\"@id\":\"https:\/\/lojadosacores.com\/#website\",\"url\":\"https:\/\/lojadosacores.com\/\",\"name\":\"Loja dos A\u00e7ores\",\"description\":\"\",\"potentialAction\":[{\"@type\":\"SearchAction\",\"target\":{\"@type\":\"EntryPoint\",\"urlTemplate\":\"https:\/\/lojadosacores.com\/?s={search_term_string}\"},\"query-input\":\"required name=search_term_string\"}],\"inLanguage\":\"en-US\"},{\"@type\":\"ImageObject\",\"inLanguage\":\"en-US\",\"@id\":\"https:\/\/lojadosacores.com\/produto\/galochas-em-azul-tam-41\/#primaryimage\",\"url\":\"https:\/\/lojadosacores.com\/wp-content\/uploads\/imagens\/analisadas\/DIV735A-scaled.jpg\",\"contentUrl\":\"https:\/\/lojadosacores.com\/wp-content\/uploads\/imagens\/analisadas\/DIV735A-scaled.jpg\",\"width\":1983,\"height\":2560},{\"@type\":\"WebPage\",\"@id\":\"https:\/\/lojadosacores.com\/produto\/galochas-em-azul-tam-41\/#webpage\",\"url\":\"https:\/\/lojadosacores.com\/produto\/galochas-em-azul-tam-41\/\",\"name\":\"Galochas em Azul tam.41 - Loja dos A\u00e7ores\",\"isPartOf\":{\"@id\":\"https:\/\/lojadosacores.com\/#website\"},\"primaryImageOfPage\":{\"@id\":\"https:\/\/lojadosacores.com\/produto\/galochas-em-azul-tam-41\/#primaryimage\"},\"datePublished\":\"2026-04-30T10:19:05+00:00\",\"dateModified\":\"2026-04-30T10:19:05+00:00\",\"breadcrumb\":{\"@id\":\"https:\/\/lojadosacores.com\/produto\/galochas-em-azul-tam-41\/#breadcrumb\"},\"inLanguage\":\"en-US\",\"potentialAction\":[{\"@type\":\"ReadAction\",\"target\":[\"https:\/\/lojadosacores.com\/produto\/galochas-em-azul-tam-41\/\"]}]},{\"@type\":\"BreadcrumbList\",\"@id\":\"https:\/\/lojadosacores.com\/produto\/galochas-em-azul-tam-41\/#breadcrumb\",\"itemListElement\":[{\"@type\":\"ListItem\",\"position\":1,\"name\":\"Products\",\"item\":\"http:\/\/lojadosacores.com\/en\/azores-products\/\"},{\"@type\":\"ListItem\",\"position\":2,\"name\":\"Galochas em Azul tam.41\"}]}]}<\/script>\n<!-- \/ Yoast SEO plugin. -->","yoast_head_json":{"title":"Galochas em Azul tam.41 - Loja dos A\u00e7ores","robots":{"index":"index","follow":"follow","max-snippet":"max-snippet:-1","max-image-preview":"max-image-preview:large","max-video-preview":"max-video-preview:-1"},"canonical":"https:\/\/lojadosacores.com\/produto\/galochas-em-azul-tam-41\/","og_locale":"en_US","og_type":"article","og_title":"Galochas em Azul tam.41 - Loja dos A\u00e7ores","og_description":"Base em madeira de Faia  Bordado \u00e0 m\u00e3o em tecido azul","og_url":"https:\/\/lojadosacores.com\/produto\/galochas-em-azul-tam-41\/","og_site_name":"Loja dos A\u00e7ores","og_image":[{"width":1983,"height":2560,"url":"https:\/\/lojadosacores.com\/wp-content\/uploads\/imagens\/analisadas\/DIV735A-scaled.jpg","type":"image\/jpeg"}],"twitter_card":"summary_large_image","schema":{"@context":"https:\/\/schema.org","@graph":[{"@type":"WebSite","@id":"https:\/\/lojadosacores.com\/#website","url":"https:\/\/lojadosacores.com\/","name":"Loja dos A\u00e7ores","description":"","potentialAction":[{"@type":"SearchAction","target":{"@type":"EntryPoint","urlTemplate":"https:\/\/lojadosacores.com\/?s={search_term_string}"},"query-input":"required name=search_term_string"}],"inLanguage":"en-US"},{"@type":"ImageObject","inLanguage":"en-US","@id":"https:\/\/lojadosacores.com\/produto\/galochas-em-azul-tam-41\/#primaryimage","url":"https:\/\/lojadosacores.com\/wp-content\/uploads\/imagens\/analisadas\/DIV735A-scaled.jpg","contentUrl":"https:\/\/lojadosacores.com\/wp-content\/uploads\/imagens\/analisadas\/DIV735A-scaled.jpg","width":1983,"height":2560},{"@type":"WebPage","@id":"https:\/\/lojadosacores.com\/produto\/galochas-em-azul-tam-41\/#webpage","url":"https:\/\/lojadosacores.com\/produto\/galochas-em-azul-tam-41\/","name":"Galochas em Azul tam.41 - Loja dos A\u00e7ores","isPartOf":{"@id":"https:\/\/lojadosacores.com\/#website"},"primaryImageOfPage":{"@id":"https:\/\/lojadosacores.com\/produto\/galochas-em-azul-tam-41\/#primaryimage"},"datePublished":"2026-04-30T10:19:05+00:00","dateModified":"2026-04-30T10:19:05+00:00","breadcrumb":{"@id":"https:\/\/lojadosacores.com\/produto\/galochas-em-azul-tam-41\/#breadcrumb"},"inLanguage":"en-US","potentialAction":[{"@type":"ReadAction","target":["https:\/\/lojadosacores.com\/produto\/galochas-em-azul-tam-41\/"]}]},{"@type":"BreadcrumbList","@id":"https:\/\/lojadosacores.com\/produto\/galochas-em-azul-tam-41\/#breadcrumb","itemListElement":[{"@type":"ListItem","position":1,"name":"Products","item":"http:\/\/lojadosacores.com\/en\/azores-products\/"},{"@type":"ListItem","position":2,"name":"Galochas em Azul tam.41"}]}]}},"_links":{"self":[{"href":"https:\/\/lojadosacores.com\/en\/wp-json\/wp\/v2\/product\/2433883"}],"collection":[{"href":"https:\/\/lojadosacores.com\/en\/wp-json\/wp\/v2\/product"}],"about":[{"href":"https:\/\/lojadosacores.com\/en\/wp-json\/wp\/v2\/types\/product"}],"wp:featuredmedia":[{"embeddable":true,"href":"https:\/\/lojadosacores.com\/en\/wp-json\/wp\/v2\/media\/2433894"}],"wp:attachment":[{"href":"https:\/\/lojadosacores.com\/en\/wp-json\/wp\/v2\/media?parent=2433883"}],"wp:term":[{"taxonomy":"product_cat","embeddable":true,"href":"https:\/\/lojadosacores.com\/en\/wp-json\/wp\/v2\/product_cat?post=2433883"},{"taxonomy":"product_tag","embeddable":true,"href":"https:\/\/lojadosacores.com\/en\/wp-json\/wp\/v2\/product_tag?post=2433883"},{"taxonomy":"ilha","embeddable":true,"href":"https:\/\/lojadosacores.com\/en\/wp-json\/wp\/v2\/ilha?post=2433883"},{"taxonomy":"linguas","embeddable":true,"href":"https:\/\/lojadosacores.com\/en\/wp-json\/wp\/v2\/linguas?post=2433883"}],"curies":[{"name":"wp","href":"https:\/\/api.w.org\/{rel}","templated":true}]}}