{"id":2433592,"date":"2026-04-30T08:33:39","date_gmt":"2026-04-30T08:33:39","guid":{"rendered":"https:\/\/lojadosacores.com\/produto\/pulseria-c-aplicacao-em-cobre-melancia\/"},"modified":"2026-04-30T08:33:39","modified_gmt":"2026-04-30T08:33:39","slug":"pulseira-c-aplicacao-em-cobre-melancia","status":"publish","type":"product","link":"https:\/\/lojadosacores.com\/en\/produto\/pulseira-c-aplicacao-em-cobre-melancia\/","title":{"rendered":"Pulseira c\/ aplica\u00e7\u00e3o em cobre Mel\u00e2ncia"},"content":{"rendered":"<p>Melancia c\/ 2,50&#215;1,50cm<\/p>\n","protected":false},"excerpt":{"rendered":"<p>Melancia c\/ 2,50&#215;1,50cm<\/p>\n","protected":false},"featured_media":2433595,"template":"","meta":[],"product_cat":[29,852],"product_tag":[],"ilha":[44],"linguas":[],"yoast_head":"<!-- This site is optimized with the Yoast SEO plugin v18.8 - https:\/\/yoast.com\/wordpress\/plugins\/seo\/ -->\n<title>Pulseira c\/ aplica\u00e7\u00e3o em cobre Mel\u00e2ncia - Loja dos A\u00e7ores<\/title>\n<meta name=\"robots\" content=\"index, follow, max-snippet:-1, max-image-preview:large, max-video-preview:-1\" \/>\n<link rel=\"canonical\" href=\"https:\/\/lojadosacores.com\/produto\/pulseira-c-aplicacao-em-cobre-melancia\/\" \/>\n<meta property=\"og:locale\" content=\"en_US\" \/>\n<meta property=\"og:type\" content=\"article\" \/>\n<meta property=\"og:title\" content=\"Pulseira c\/ aplica\u00e7\u00e3o em cobre Mel\u00e2ncia - Loja dos A\u00e7ores\" \/>\n<meta property=\"og:description\" content=\"Melancia c\/ 2,50x1,50cm\" \/>\n<meta property=\"og:url\" content=\"https:\/\/lojadosacores.com\/produto\/pulseira-c-aplicacao-em-cobre-melancia\/\" \/>\n<meta property=\"og:site_name\" content=\"Loja dos A\u00e7ores\" \/>\n<meta property=\"og:image\" content=\"https:\/\/lojadosacores.com\/wp-content\/uploads\/imagens\/analisadas\/DIV566F.jpg\" \/>\n\t<meta property=\"og:image:width\" content=\"2005\" \/>\n\t<meta property=\"og:image:height\" content=\"1724\" \/>\n\t<meta property=\"og:image:type\" content=\"image\/jpeg\" \/>\n<meta name=\"twitter:card\" content=\"summary_large_image\" \/>\n<script type=\"application\/ld+json\" class=\"yoast-schema-graph\">{\"@context\":\"https:\/\/schema.org\",\"@graph\":[{\"@type\":\"WebSite\",\"@id\":\"https:\/\/lojadosacores.com\/#website\",\"url\":\"https:\/\/lojadosacores.com\/\",\"name\":\"Loja dos A\u00e7ores\",\"description\":\"\",\"potentialAction\":[{\"@type\":\"SearchAction\",\"target\":{\"@type\":\"EntryPoint\",\"urlTemplate\":\"https:\/\/lojadosacores.com\/?s={search_term_string}\"},\"query-input\":\"required name=search_term_string\"}],\"inLanguage\":\"en-US\"},{\"@type\":\"ImageObject\",\"inLanguage\":\"en-US\",\"@id\":\"https:\/\/lojadosacores.com\/produto\/pulseira-c-aplicacao-em-cobre-melancia\/#primaryimage\",\"url\":\"https:\/\/lojadosacores.com\/wp-content\/uploads\/imagens\/analisadas\/DIV566F.jpg\",\"contentUrl\":\"https:\/\/lojadosacores.com\/wp-content\/uploads\/imagens\/analisadas\/DIV566F.jpg\",\"width\":2005,\"height\":1724},{\"@type\":\"WebPage\",\"@id\":\"https:\/\/lojadosacores.com\/produto\/pulseira-c-aplicacao-em-cobre-melancia\/#webpage\",\"url\":\"https:\/\/lojadosacores.com\/produto\/pulseira-c-aplicacao-em-cobre-melancia\/\",\"name\":\"Pulseira c\/ aplica\u00e7\u00e3o em cobre Mel\u00e2ncia - Loja dos A\u00e7ores\",\"isPartOf\":{\"@id\":\"https:\/\/lojadosacores.com\/#website\"},\"primaryImageOfPage\":{\"@id\":\"https:\/\/lojadosacores.com\/produto\/pulseira-c-aplicacao-em-cobre-melancia\/#primaryimage\"},\"datePublished\":\"2026-04-30T08:33:39+00:00\",\"dateModified\":\"2026-04-30T08:33:39+00:00\",\"breadcrumb\":{\"@id\":\"https:\/\/lojadosacores.com\/produto\/pulseira-c-aplicacao-em-cobre-melancia\/#breadcrumb\"},\"inLanguage\":\"en-US\",\"potentialAction\":[{\"@type\":\"ReadAction\",\"target\":[\"https:\/\/lojadosacores.com\/produto\/pulseira-c-aplicacao-em-cobre-melancia\/\"]}]},{\"@type\":\"BreadcrumbList\",\"@id\":\"https:\/\/lojadosacores.com\/produto\/pulseira-c-aplicacao-em-cobre-melancia\/#breadcrumb\",\"itemListElement\":[{\"@type\":\"ListItem\",\"position\":1,\"name\":\"Products\",\"item\":\"http:\/\/lojadosacores.com\/en\/azores-products\/\"},{\"@type\":\"ListItem\",\"position\":2,\"name\":\"Pulseira c\/ aplica\u00e7\u00e3o em cobre Mel\u00e2ncia\"}]}]}<\/script>\n<!-- \/ Yoast SEO plugin. -->","yoast_head_json":{"title":"Pulseira c\/ aplica\u00e7\u00e3o em cobre Mel\u00e2ncia - Loja dos A\u00e7ores","robots":{"index":"index","follow":"follow","max-snippet":"max-snippet:-1","max-image-preview":"max-image-preview:large","max-video-preview":"max-video-preview:-1"},"canonical":"https:\/\/lojadosacores.com\/produto\/pulseira-c-aplicacao-em-cobre-melancia\/","og_locale":"en_US","og_type":"article","og_title":"Pulseira c\/ aplica\u00e7\u00e3o em cobre Mel\u00e2ncia - Loja dos A\u00e7ores","og_description":"Melancia c\/ 2,50x1,50cm","og_url":"https:\/\/lojadosacores.com\/produto\/pulseira-c-aplicacao-em-cobre-melancia\/","og_site_name":"Loja dos A\u00e7ores","og_image":[{"width":2005,"height":1724,"url":"https:\/\/lojadosacores.com\/wp-content\/uploads\/imagens\/analisadas\/DIV566F.jpg","type":"image\/jpeg"}],"twitter_card":"summary_large_image","schema":{"@context":"https:\/\/schema.org","@graph":[{"@type":"WebSite","@id":"https:\/\/lojadosacores.com\/#website","url":"https:\/\/lojadosacores.com\/","name":"Loja dos A\u00e7ores","description":"","potentialAction":[{"@type":"SearchAction","target":{"@type":"EntryPoint","urlTemplate":"https:\/\/lojadosacores.com\/?s={search_term_string}"},"query-input":"required name=search_term_string"}],"inLanguage":"en-US"},{"@type":"ImageObject","inLanguage":"en-US","@id":"https:\/\/lojadosacores.com\/produto\/pulseira-c-aplicacao-em-cobre-melancia\/#primaryimage","url":"https:\/\/lojadosacores.com\/wp-content\/uploads\/imagens\/analisadas\/DIV566F.jpg","contentUrl":"https:\/\/lojadosacores.com\/wp-content\/uploads\/imagens\/analisadas\/DIV566F.jpg","width":2005,"height":1724},{"@type":"WebPage","@id":"https:\/\/lojadosacores.com\/produto\/pulseira-c-aplicacao-em-cobre-melancia\/#webpage","url":"https:\/\/lojadosacores.com\/produto\/pulseira-c-aplicacao-em-cobre-melancia\/","name":"Pulseira c\/ aplica\u00e7\u00e3o em cobre Mel\u00e2ncia - Loja dos A\u00e7ores","isPartOf":{"@id":"https:\/\/lojadosacores.com\/#website"},"primaryImageOfPage":{"@id":"https:\/\/lojadosacores.com\/produto\/pulseira-c-aplicacao-em-cobre-melancia\/#primaryimage"},"datePublished":"2026-04-30T08:33:39+00:00","dateModified":"2026-04-30T08:33:39+00:00","breadcrumb":{"@id":"https:\/\/lojadosacores.com\/produto\/pulseira-c-aplicacao-em-cobre-melancia\/#breadcrumb"},"inLanguage":"en-US","potentialAction":[{"@type":"ReadAction","target":["https:\/\/lojadosacores.com\/produto\/pulseira-c-aplicacao-em-cobre-melancia\/"]}]},{"@type":"BreadcrumbList","@id":"https:\/\/lojadosacores.com\/produto\/pulseira-c-aplicacao-em-cobre-melancia\/#breadcrumb","itemListElement":[{"@type":"ListItem","position":1,"name":"Products","item":"http:\/\/lojadosacores.com\/en\/azores-products\/"},{"@type":"ListItem","position":2,"name":"Pulseira c\/ aplica\u00e7\u00e3o em cobre Mel\u00e2ncia"}]}]}},"_links":{"self":[{"href":"https:\/\/lojadosacores.com\/en\/wp-json\/wp\/v2\/product\/2433592"}],"collection":[{"href":"https:\/\/lojadosacores.com\/en\/wp-json\/wp\/v2\/product"}],"about":[{"href":"https:\/\/lojadosacores.com\/en\/wp-json\/wp\/v2\/types\/product"}],"wp:featuredmedia":[{"embeddable":true,"href":"https:\/\/lojadosacores.com\/en\/wp-json\/wp\/v2\/media\/2433595"}],"wp:attachment":[{"href":"https:\/\/lojadosacores.com\/en\/wp-json\/wp\/v2\/media?parent=2433592"}],"wp:term":[{"taxonomy":"product_cat","embeddable":true,"href":"https:\/\/lojadosacores.com\/en\/wp-json\/wp\/v2\/product_cat?post=2433592"},{"taxonomy":"product_tag","embeddable":true,"href":"https:\/\/lojadosacores.com\/en\/wp-json\/wp\/v2\/product_tag?post=2433592"},{"taxonomy":"ilha","embeddable":true,"href":"https:\/\/lojadosacores.com\/en\/wp-json\/wp\/v2\/ilha?post=2433592"},{"taxonomy":"linguas","embeddable":true,"href":"https:\/\/lojadosacores.com\/en\/wp-json\/wp\/v2\/linguas?post=2433592"}],"curies":[{"name":"wp","href":"https:\/\/api.w.org\/{rel}","templated":true}]}}