{"id":2432168,"date":"2026-04-16T04:02:31","date_gmt":"2026-04-16T04:02:31","guid":{"rendered":"https:\/\/lojadosacores.com\/produto\/azulejo-15x15-s-miguel\/"},"modified":"2026-04-16T04:02:31","modified_gmt":"2026-04-16T04:02:31","slug":"azulejo-15x15-tema-arcanjo-sao-miguel","status":"publish","type":"product","link":"https:\/\/lojadosacores.com\/en\/produto\/azulejo-15x15-tema-arcanjo-sao-miguel\/","title":{"rendered":"Azulejo 15X15 , Tema &#8211; Arcanjo S\u00e3o Miguel"},"content":{"rendered":"<p>Pintado \u00e0 m\u00e3o na ilha de S. Miguel<br \/>\n Peso &#8211; 202gr<\/p>\n","protected":false},"excerpt":{"rendered":"<p>Pintado \u00e0 m\u00e3o na ilha de S. Miguel<br \/>\n Peso &#8211; 202gr<\/p>\n","protected":false},"featured_media":2432184,"template":"","meta":[],"product_cat":[29,858],"product_tag":[],"ilha":[44],"linguas":[],"yoast_head":"<!-- This site is optimized with the Yoast SEO plugin v18.8 - https:\/\/yoast.com\/wordpress\/plugins\/seo\/ -->\n<title>Azulejo 15X15 , Tema - Arcanjo S\u00e3o Miguel - Loja dos A\u00e7ores<\/title>\n<meta name=\"robots\" content=\"index, follow, max-snippet:-1, max-image-preview:large, max-video-preview:-1\" \/>\n<link rel=\"canonical\" href=\"https:\/\/lojadosacores.com\/produto\/azulejo-15x15-tema-arcanjo-sao-miguel\/\" \/>\n<meta property=\"og:locale\" content=\"en_US\" \/>\n<meta property=\"og:type\" content=\"article\" \/>\n<meta property=\"og:title\" content=\"Azulejo 15X15 , Tema - Arcanjo S\u00e3o Miguel - Loja dos A\u00e7ores\" \/>\n<meta property=\"og:description\" content=\"Pintado \u00e0 m\u00e3o na ilha de S. Miguel  Peso - 202gr\" \/>\n<meta property=\"og:url\" content=\"https:\/\/lojadosacores.com\/produto\/azulejo-15x15-tema-arcanjo-sao-miguel\/\" \/>\n<meta property=\"og:site_name\" content=\"Loja dos A\u00e7ores\" \/>\n<meta property=\"og:image\" content=\"https:\/\/lojadosacores.com\/wp-content\/uploads\/imagens\/analisadas\/AZ13C.jpg\" \/>\n\t<meta property=\"og:image:width\" content=\"1811\" \/>\n\t<meta property=\"og:image:height\" content=\"1795\" \/>\n\t<meta property=\"og:image:type\" content=\"image\/jpeg\" \/>\n<meta name=\"twitter:card\" content=\"summary_large_image\" \/>\n<script type=\"application\/ld+json\" class=\"yoast-schema-graph\">{\"@context\":\"https:\/\/schema.org\",\"@graph\":[{\"@type\":\"WebSite\",\"@id\":\"https:\/\/lojadosacores.com\/#website\",\"url\":\"https:\/\/lojadosacores.com\/\",\"name\":\"Loja dos A\u00e7ores\",\"description\":\"\",\"potentialAction\":[{\"@type\":\"SearchAction\",\"target\":{\"@type\":\"EntryPoint\",\"urlTemplate\":\"https:\/\/lojadosacores.com\/?s={search_term_string}\"},\"query-input\":\"required name=search_term_string\"}],\"inLanguage\":\"en-US\"},{\"@type\":\"ImageObject\",\"inLanguage\":\"en-US\",\"@id\":\"https:\/\/lojadosacores.com\/produto\/azulejo-15x15-tema-arcanjo-sao-miguel\/#primaryimage\",\"url\":\"https:\/\/lojadosacores.com\/wp-content\/uploads\/imagens\/analisadas\/AZ13C.jpg\",\"contentUrl\":\"https:\/\/lojadosacores.com\/wp-content\/uploads\/imagens\/analisadas\/AZ13C.jpg\",\"width\":1811,\"height\":1795},{\"@type\":\"WebPage\",\"@id\":\"https:\/\/lojadosacores.com\/produto\/azulejo-15x15-tema-arcanjo-sao-miguel\/#webpage\",\"url\":\"https:\/\/lojadosacores.com\/produto\/azulejo-15x15-tema-arcanjo-sao-miguel\/\",\"name\":\"Azulejo 15X15 , Tema - Arcanjo S\u00e3o Miguel - Loja dos A\u00e7ores\",\"isPartOf\":{\"@id\":\"https:\/\/lojadosacores.com\/#website\"},\"primaryImageOfPage\":{\"@id\":\"https:\/\/lojadosacores.com\/produto\/azulejo-15x15-tema-arcanjo-sao-miguel\/#primaryimage\"},\"datePublished\":\"2026-04-16T04:02:31+00:00\",\"dateModified\":\"2026-04-16T04:02:31+00:00\",\"breadcrumb\":{\"@id\":\"https:\/\/lojadosacores.com\/produto\/azulejo-15x15-tema-arcanjo-sao-miguel\/#breadcrumb\"},\"inLanguage\":\"en-US\",\"potentialAction\":[{\"@type\":\"ReadAction\",\"target\":[\"https:\/\/lojadosacores.com\/produto\/azulejo-15x15-tema-arcanjo-sao-miguel\/\"]}]},{\"@type\":\"BreadcrumbList\",\"@id\":\"https:\/\/lojadosacores.com\/produto\/azulejo-15x15-tema-arcanjo-sao-miguel\/#breadcrumb\",\"itemListElement\":[{\"@type\":\"ListItem\",\"position\":1,\"name\":\"Products\",\"item\":\"http:\/\/lojadosacores.com\/en\/azores-products\/\"},{\"@type\":\"ListItem\",\"position\":2,\"name\":\"Azulejo 15X15 , Tema &#8211; Arcanjo S\u00e3o Miguel\"}]}]}<\/script>\n<!-- \/ Yoast SEO plugin. -->","yoast_head_json":{"title":"Azulejo 15X15 , Tema - Arcanjo S\u00e3o Miguel - Loja dos A\u00e7ores","robots":{"index":"index","follow":"follow","max-snippet":"max-snippet:-1","max-image-preview":"max-image-preview:large","max-video-preview":"max-video-preview:-1"},"canonical":"https:\/\/lojadosacores.com\/produto\/azulejo-15x15-tema-arcanjo-sao-miguel\/","og_locale":"en_US","og_type":"article","og_title":"Azulejo 15X15 , Tema - Arcanjo S\u00e3o Miguel - Loja dos A\u00e7ores","og_description":"Pintado \u00e0 m\u00e3o na ilha de S. Miguel  Peso - 202gr","og_url":"https:\/\/lojadosacores.com\/produto\/azulejo-15x15-tema-arcanjo-sao-miguel\/","og_site_name":"Loja dos A\u00e7ores","og_image":[{"width":1811,"height":1795,"url":"https:\/\/lojadosacores.com\/wp-content\/uploads\/imagens\/analisadas\/AZ13C.jpg","type":"image\/jpeg"}],"twitter_card":"summary_large_image","schema":{"@context":"https:\/\/schema.org","@graph":[{"@type":"WebSite","@id":"https:\/\/lojadosacores.com\/#website","url":"https:\/\/lojadosacores.com\/","name":"Loja dos A\u00e7ores","description":"","potentialAction":[{"@type":"SearchAction","target":{"@type":"EntryPoint","urlTemplate":"https:\/\/lojadosacores.com\/?s={search_term_string}"},"query-input":"required name=search_term_string"}],"inLanguage":"en-US"},{"@type":"ImageObject","inLanguage":"en-US","@id":"https:\/\/lojadosacores.com\/produto\/azulejo-15x15-tema-arcanjo-sao-miguel\/#primaryimage","url":"https:\/\/lojadosacores.com\/wp-content\/uploads\/imagens\/analisadas\/AZ13C.jpg","contentUrl":"https:\/\/lojadosacores.com\/wp-content\/uploads\/imagens\/analisadas\/AZ13C.jpg","width":1811,"height":1795},{"@type":"WebPage","@id":"https:\/\/lojadosacores.com\/produto\/azulejo-15x15-tema-arcanjo-sao-miguel\/#webpage","url":"https:\/\/lojadosacores.com\/produto\/azulejo-15x15-tema-arcanjo-sao-miguel\/","name":"Azulejo 15X15 , Tema - Arcanjo S\u00e3o Miguel - Loja dos A\u00e7ores","isPartOf":{"@id":"https:\/\/lojadosacores.com\/#website"},"primaryImageOfPage":{"@id":"https:\/\/lojadosacores.com\/produto\/azulejo-15x15-tema-arcanjo-sao-miguel\/#primaryimage"},"datePublished":"2026-04-16T04:02:31+00:00","dateModified":"2026-04-16T04:02:31+00:00","breadcrumb":{"@id":"https:\/\/lojadosacores.com\/produto\/azulejo-15x15-tema-arcanjo-sao-miguel\/#breadcrumb"},"inLanguage":"en-US","potentialAction":[{"@type":"ReadAction","target":["https:\/\/lojadosacores.com\/produto\/azulejo-15x15-tema-arcanjo-sao-miguel\/"]}]},{"@type":"BreadcrumbList","@id":"https:\/\/lojadosacores.com\/produto\/azulejo-15x15-tema-arcanjo-sao-miguel\/#breadcrumb","itemListElement":[{"@type":"ListItem","position":1,"name":"Products","item":"http:\/\/lojadosacores.com\/en\/azores-products\/"},{"@type":"ListItem","position":2,"name":"Azulejo 15X15 , Tema &#8211; Arcanjo S\u00e3o Miguel"}]}]}},"_links":{"self":[{"href":"https:\/\/lojadosacores.com\/en\/wp-json\/wp\/v2\/product\/2432168"}],"collection":[{"href":"https:\/\/lojadosacores.com\/en\/wp-json\/wp\/v2\/product"}],"about":[{"href":"https:\/\/lojadosacores.com\/en\/wp-json\/wp\/v2\/types\/product"}],"wp:featuredmedia":[{"embeddable":true,"href":"https:\/\/lojadosacores.com\/en\/wp-json\/wp\/v2\/media\/2432184"}],"wp:attachment":[{"href":"https:\/\/lojadosacores.com\/en\/wp-json\/wp\/v2\/media?parent=2432168"}],"wp:term":[{"taxonomy":"product_cat","embeddable":true,"href":"https:\/\/lojadosacores.com\/en\/wp-json\/wp\/v2\/product_cat?post=2432168"},{"taxonomy":"product_tag","embeddable":true,"href":"https:\/\/lojadosacores.com\/en\/wp-json\/wp\/v2\/product_tag?post=2432168"},{"taxonomy":"ilha","embeddable":true,"href":"https:\/\/lojadosacores.com\/en\/wp-json\/wp\/v2\/ilha?post=2432168"},{"taxonomy":"linguas","embeddable":true,"href":"https:\/\/lojadosacores.com\/en\/wp-json\/wp\/v2\/linguas?post=2432168"}],"curies":[{"name":"wp","href":"https:\/\/api.w.org\/{rel}","templated":true}]}}