{"id":2431608,"date":"2026-04-25T14:05:49","date_gmt":"2026-04-25T14:05:49","guid":{"rendered":"https:\/\/lojadosacores.com\/produto\/bolsinha-de-tear-manual\/"},"modified":"2026-04-25T14:05:49","modified_gmt":"2026-04-25T14:05:49","slug":"bolsinha-de-tear-manual","status":"publish","type":"product","link":"https:\/\/lojadosacores.com\/en\/produto\/bolsinha-de-tear-manual\/","title":{"rendered":"Bolsinha de tear manual"},"content":{"rendered":"<p>Tecido em tear manual em algod\u00e3o e l\u00e3 Repasso t\u00edpico Com teicho e forro Tam. &#8211; 19x15cm<\/p>\n","protected":false},"excerpt":{"rendered":"<p>Tecido em tear manual em algod\u00e3o e l\u00e3 Repasso t\u00edpico Com teicho e forro Tam. &#8211; 19x15cm<\/p>\n","protected":false},"featured_media":2431615,"template":"","meta":[],"product_cat":[29,865],"product_tag":[],"ilha":[44],"linguas":[],"yoast_head":"<!-- This site is optimized with the Yoast SEO plugin v18.8 - https:\/\/yoast.com\/wordpress\/plugins\/seo\/ -->\n<title>Bolsinha de tear manual - Loja dos A\u00e7ores<\/title>\n<meta name=\"robots\" content=\"index, follow, max-snippet:-1, max-image-preview:large, max-video-preview:-1\" \/>\n<link rel=\"canonical\" href=\"https:\/\/lojadosacores.com\/produto\/bolsinha-de-tear-manual\/\" \/>\n<meta property=\"og:locale\" content=\"en_US\" \/>\n<meta property=\"og:type\" content=\"article\" \/>\n<meta property=\"og:title\" content=\"Bolsinha de tear manual - Loja dos A\u00e7ores\" \/>\n<meta property=\"og:description\" content=\"Tecido em tear manual em algod\u00e3o e l\u00e3 Repasso t\u00edpico Com teicho e forro Tam. - 19x15cm\" \/>\n<meta property=\"og:url\" content=\"https:\/\/lojadosacores.com\/produto\/bolsinha-de-tear-manual\/\" \/>\n<meta property=\"og:site_name\" content=\"Loja dos A\u00e7ores\" \/>\n<meta property=\"og:image\" content=\"https:\/\/lojadosacores.com\/wp-content\/uploads\/imagens\/analisadas\/T165-scaled.jpg\" \/>\n\t<meta property=\"og:image:width\" content=\"2560\" \/>\n\t<meta property=\"og:image:height\" content=\"2272\" \/>\n\t<meta property=\"og:image:type\" content=\"image\/jpeg\" \/>\n<meta name=\"twitter:card\" content=\"summary_large_image\" \/>\n<script type=\"application\/ld+json\" class=\"yoast-schema-graph\">{\"@context\":\"https:\/\/schema.org\",\"@graph\":[{\"@type\":\"WebSite\",\"@id\":\"https:\/\/lojadosacores.com\/#website\",\"url\":\"https:\/\/lojadosacores.com\/\",\"name\":\"Loja dos A\u00e7ores\",\"description\":\"\",\"potentialAction\":[{\"@type\":\"SearchAction\",\"target\":{\"@type\":\"EntryPoint\",\"urlTemplate\":\"https:\/\/lojadosacores.com\/?s={search_term_string}\"},\"query-input\":\"required name=search_term_string\"}],\"inLanguage\":\"en-US\"},{\"@type\":\"ImageObject\",\"inLanguage\":\"en-US\",\"@id\":\"https:\/\/lojadosacores.com\/produto\/bolsinha-de-tear-manual\/#primaryimage\",\"url\":\"https:\/\/lojadosacores.com\/wp-content\/uploads\/imagens\/analisadas\/T165-scaled.jpg\",\"contentUrl\":\"https:\/\/lojadosacores.com\/wp-content\/uploads\/imagens\/analisadas\/T165-scaled.jpg\",\"width\":2560,\"height\":2272},{\"@type\":\"WebPage\",\"@id\":\"https:\/\/lojadosacores.com\/produto\/bolsinha-de-tear-manual\/#webpage\",\"url\":\"https:\/\/lojadosacores.com\/produto\/bolsinha-de-tear-manual\/\",\"name\":\"Bolsinha de tear manual - Loja dos A\u00e7ores\",\"isPartOf\":{\"@id\":\"https:\/\/lojadosacores.com\/#website\"},\"primaryImageOfPage\":{\"@id\":\"https:\/\/lojadosacores.com\/produto\/bolsinha-de-tear-manual\/#primaryimage\"},\"datePublished\":\"2026-04-25T14:05:49+00:00\",\"dateModified\":\"2026-04-25T14:05:49+00:00\",\"breadcrumb\":{\"@id\":\"https:\/\/lojadosacores.com\/produto\/bolsinha-de-tear-manual\/#breadcrumb\"},\"inLanguage\":\"en-US\",\"potentialAction\":[{\"@type\":\"ReadAction\",\"target\":[\"https:\/\/lojadosacores.com\/produto\/bolsinha-de-tear-manual\/\"]}]},{\"@type\":\"BreadcrumbList\",\"@id\":\"https:\/\/lojadosacores.com\/produto\/bolsinha-de-tear-manual\/#breadcrumb\",\"itemListElement\":[{\"@type\":\"ListItem\",\"position\":1,\"name\":\"Products\",\"item\":\"http:\/\/lojadosacores.com\/en\/azores-products\/\"},{\"@type\":\"ListItem\",\"position\":2,\"name\":\"Bolsinha de tear manual\"}]}]}<\/script>\n<!-- \/ Yoast SEO plugin. -->","yoast_head_json":{"title":"Bolsinha de tear manual - Loja dos A\u00e7ores","robots":{"index":"index","follow":"follow","max-snippet":"max-snippet:-1","max-image-preview":"max-image-preview:large","max-video-preview":"max-video-preview:-1"},"canonical":"https:\/\/lojadosacores.com\/produto\/bolsinha-de-tear-manual\/","og_locale":"en_US","og_type":"article","og_title":"Bolsinha de tear manual - Loja dos A\u00e7ores","og_description":"Tecido em tear manual em algod\u00e3o e l\u00e3 Repasso t\u00edpico Com teicho e forro Tam. - 19x15cm","og_url":"https:\/\/lojadosacores.com\/produto\/bolsinha-de-tear-manual\/","og_site_name":"Loja dos A\u00e7ores","og_image":[{"width":2560,"height":2272,"url":"https:\/\/lojadosacores.com\/wp-content\/uploads\/imagens\/analisadas\/T165-scaled.jpg","type":"image\/jpeg"}],"twitter_card":"summary_large_image","schema":{"@context":"https:\/\/schema.org","@graph":[{"@type":"WebSite","@id":"https:\/\/lojadosacores.com\/#website","url":"https:\/\/lojadosacores.com\/","name":"Loja dos A\u00e7ores","description":"","potentialAction":[{"@type":"SearchAction","target":{"@type":"EntryPoint","urlTemplate":"https:\/\/lojadosacores.com\/?s={search_term_string}"},"query-input":"required name=search_term_string"}],"inLanguage":"en-US"},{"@type":"ImageObject","inLanguage":"en-US","@id":"https:\/\/lojadosacores.com\/produto\/bolsinha-de-tear-manual\/#primaryimage","url":"https:\/\/lojadosacores.com\/wp-content\/uploads\/imagens\/analisadas\/T165-scaled.jpg","contentUrl":"https:\/\/lojadosacores.com\/wp-content\/uploads\/imagens\/analisadas\/T165-scaled.jpg","width":2560,"height":2272},{"@type":"WebPage","@id":"https:\/\/lojadosacores.com\/produto\/bolsinha-de-tear-manual\/#webpage","url":"https:\/\/lojadosacores.com\/produto\/bolsinha-de-tear-manual\/","name":"Bolsinha de tear manual - Loja dos A\u00e7ores","isPartOf":{"@id":"https:\/\/lojadosacores.com\/#website"},"primaryImageOfPage":{"@id":"https:\/\/lojadosacores.com\/produto\/bolsinha-de-tear-manual\/#primaryimage"},"datePublished":"2026-04-25T14:05:49+00:00","dateModified":"2026-04-25T14:05:49+00:00","breadcrumb":{"@id":"https:\/\/lojadosacores.com\/produto\/bolsinha-de-tear-manual\/#breadcrumb"},"inLanguage":"en-US","potentialAction":[{"@type":"ReadAction","target":["https:\/\/lojadosacores.com\/produto\/bolsinha-de-tear-manual\/"]}]},{"@type":"BreadcrumbList","@id":"https:\/\/lojadosacores.com\/produto\/bolsinha-de-tear-manual\/#breadcrumb","itemListElement":[{"@type":"ListItem","position":1,"name":"Products","item":"http:\/\/lojadosacores.com\/en\/azores-products\/"},{"@type":"ListItem","position":2,"name":"Bolsinha de tear manual"}]}]}},"_links":{"self":[{"href":"https:\/\/lojadosacores.com\/en\/wp-json\/wp\/v2\/product\/2431608"}],"collection":[{"href":"https:\/\/lojadosacores.com\/en\/wp-json\/wp\/v2\/product"}],"about":[{"href":"https:\/\/lojadosacores.com\/en\/wp-json\/wp\/v2\/types\/product"}],"wp:featuredmedia":[{"embeddable":true,"href":"https:\/\/lojadosacores.com\/en\/wp-json\/wp\/v2\/media\/2431615"}],"wp:attachment":[{"href":"https:\/\/lojadosacores.com\/en\/wp-json\/wp\/v2\/media?parent=2431608"}],"wp:term":[{"taxonomy":"product_cat","embeddable":true,"href":"https:\/\/lojadosacores.com\/en\/wp-json\/wp\/v2\/product_cat?post=2431608"},{"taxonomy":"product_tag","embeddable":true,"href":"https:\/\/lojadosacores.com\/en\/wp-json\/wp\/v2\/product_tag?post=2431608"},{"taxonomy":"ilha","embeddable":true,"href":"https:\/\/lojadosacores.com\/en\/wp-json\/wp\/v2\/ilha?post=2431608"},{"taxonomy":"linguas","embeddable":true,"href":"https:\/\/lojadosacores.com\/en\/wp-json\/wp\/v2\/linguas?post=2431608"}],"curies":[{"name":"wp","href":"https:\/\/api.w.org\/{rel}","templated":true}]}}