{"id":2301437,"date":"2026-04-27T22:15:53","date_gmt":"2026-04-27T22:15:53","guid":{"rendered":"https:\/\/lojadosacores.com\/produto\/cx-cilindrica-em-basalto-pico\/"},"modified":"2026-04-27T22:15:53","modified_gmt":"2026-04-27T22:15:53","slug":"cx-cilindrica-em-basalto-pico","status":"publish","type":"product","link":"https:\/\/lojadosacores.com\/en\/produto\/cx-cilindrica-em-basalto-pico\/","title":{"rendered":"Cx Cilindrica em basalto Pico"},"content":{"rendered":"<p>Vem do Pico em pedra dos Mist\u00e9rios Peso total &#8211; 538gr Alt &#8211; 6,5cm Di\u00e2m. &#8211; 9cm Pe\u00e7a construida num s\u00f3 bloco<\/p>\n","protected":false},"excerpt":{"rendered":"<p>Vem do Pico em pedra dos Mist\u00e9rios Peso total &#8211; 538gr Alt &#8211; 6,5cm Di\u00e2m. &#8211; 9cm Pe\u00e7a construida num s\u00f3 bloco<\/p>\n","protected":false},"featured_media":2301467,"template":"","meta":[],"product_cat":[29,861],"product_tag":[],"ilha":[48],"linguas":[],"yoast_head":"<!-- This site is optimized with the Yoast SEO plugin v18.8 - https:\/\/yoast.com\/wordpress\/plugins\/seo\/ -->\n<title>Cx Cilindrica em basalto Pico - Loja dos A\u00e7ores<\/title>\n<meta name=\"robots\" content=\"index, follow, max-snippet:-1, max-image-preview:large, max-video-preview:-1\" \/>\n<link rel=\"canonical\" href=\"https:\/\/lojadosacores.com\/produto\/cx-cilindrica-em-basalto-pico\/\" \/>\n<meta property=\"og:locale\" content=\"en_US\" \/>\n<meta property=\"og:type\" content=\"article\" \/>\n<meta property=\"og:title\" content=\"Cx Cilindrica em basalto Pico - Loja dos A\u00e7ores\" \/>\n<meta property=\"og:description\" content=\"Vem do Pico em pedra dos Mist\u00e9rios Peso total - 538gr Alt - 6,5cm Di\u00e2m. - 9cm Pe\u00e7a construida num s\u00f3 bloco\" \/>\n<meta property=\"og:url\" content=\"https:\/\/lojadosacores.com\/produto\/cx-cilindrica-em-basalto-pico\/\" \/>\n<meta property=\"og:site_name\" content=\"Loja dos A\u00e7ores\" \/>\n<meta property=\"og:image\" content=\"https:\/\/lojadosacores.com\/wp-content\/uploads\/imagens\/analisadas\/P207.JPG\" \/>\n\t<meta property=\"og:image:width\" content=\"2411\" \/>\n\t<meta property=\"og:image:height\" content=\"2283\" \/>\n\t<meta property=\"og:image:type\" content=\"image\/jpeg\" \/>\n<meta name=\"twitter:card\" content=\"summary_large_image\" \/>\n<script type=\"application\/ld+json\" class=\"yoast-schema-graph\">{\"@context\":\"https:\/\/schema.org\",\"@graph\":[{\"@type\":\"WebSite\",\"@id\":\"https:\/\/lojadosacores.com\/#website\",\"url\":\"https:\/\/lojadosacores.com\/\",\"name\":\"Loja dos A\u00e7ores\",\"description\":\"\",\"potentialAction\":[{\"@type\":\"SearchAction\",\"target\":{\"@type\":\"EntryPoint\",\"urlTemplate\":\"https:\/\/lojadosacores.com\/?s={search_term_string}\"},\"query-input\":\"required name=search_term_string\"}],\"inLanguage\":\"en-US\"},{\"@type\":\"ImageObject\",\"inLanguage\":\"en-US\",\"@id\":\"https:\/\/lojadosacores.com\/produto\/cx-cilindrica-em-basalto-pico\/#primaryimage\",\"url\":\"https:\/\/lojadosacores.com\/wp-content\/uploads\/imagens\/analisadas\/P207.JPG\",\"contentUrl\":\"https:\/\/lojadosacores.com\/wp-content\/uploads\/imagens\/analisadas\/P207.JPG\",\"width\":2411,\"height\":2283},{\"@type\":\"WebPage\",\"@id\":\"https:\/\/lojadosacores.com\/produto\/cx-cilindrica-em-basalto-pico\/#webpage\",\"url\":\"https:\/\/lojadosacores.com\/produto\/cx-cilindrica-em-basalto-pico\/\",\"name\":\"Cx Cilindrica em basalto Pico - Loja dos A\u00e7ores\",\"isPartOf\":{\"@id\":\"https:\/\/lojadosacores.com\/#website\"},\"primaryImageOfPage\":{\"@id\":\"https:\/\/lojadosacores.com\/produto\/cx-cilindrica-em-basalto-pico\/#primaryimage\"},\"datePublished\":\"2026-04-27T22:15:53+00:00\",\"dateModified\":\"2026-04-27T22:15:53+00:00\",\"breadcrumb\":{\"@id\":\"https:\/\/lojadosacores.com\/produto\/cx-cilindrica-em-basalto-pico\/#breadcrumb\"},\"inLanguage\":\"en-US\",\"potentialAction\":[{\"@type\":\"ReadAction\",\"target\":[\"https:\/\/lojadosacores.com\/produto\/cx-cilindrica-em-basalto-pico\/\"]}]},{\"@type\":\"BreadcrumbList\",\"@id\":\"https:\/\/lojadosacores.com\/produto\/cx-cilindrica-em-basalto-pico\/#breadcrumb\",\"itemListElement\":[{\"@type\":\"ListItem\",\"position\":1,\"name\":\"Products\",\"item\":\"http:\/\/lojadosacores.com\/en\/azores-products\/\"},{\"@type\":\"ListItem\",\"position\":2,\"name\":\"Cx Cilindrica em basalto Pico\"}]}]}<\/script>\n<!-- \/ Yoast SEO plugin. -->","yoast_head_json":{"title":"Cx Cilindrica em basalto Pico - Loja dos A\u00e7ores","robots":{"index":"index","follow":"follow","max-snippet":"max-snippet:-1","max-image-preview":"max-image-preview:large","max-video-preview":"max-video-preview:-1"},"canonical":"https:\/\/lojadosacores.com\/produto\/cx-cilindrica-em-basalto-pico\/","og_locale":"en_US","og_type":"article","og_title":"Cx Cilindrica em basalto Pico - Loja dos A\u00e7ores","og_description":"Vem do Pico em pedra dos Mist\u00e9rios Peso total - 538gr Alt - 6,5cm Di\u00e2m. - 9cm Pe\u00e7a construida num s\u00f3 bloco","og_url":"https:\/\/lojadosacores.com\/produto\/cx-cilindrica-em-basalto-pico\/","og_site_name":"Loja dos A\u00e7ores","og_image":[{"width":2411,"height":2283,"url":"https:\/\/lojadosacores.com\/wp-content\/uploads\/imagens\/analisadas\/P207.JPG","type":"image\/jpeg"}],"twitter_card":"summary_large_image","schema":{"@context":"https:\/\/schema.org","@graph":[{"@type":"WebSite","@id":"https:\/\/lojadosacores.com\/#website","url":"https:\/\/lojadosacores.com\/","name":"Loja dos A\u00e7ores","description":"","potentialAction":[{"@type":"SearchAction","target":{"@type":"EntryPoint","urlTemplate":"https:\/\/lojadosacores.com\/?s={search_term_string}"},"query-input":"required name=search_term_string"}],"inLanguage":"en-US"},{"@type":"ImageObject","inLanguage":"en-US","@id":"https:\/\/lojadosacores.com\/produto\/cx-cilindrica-em-basalto-pico\/#primaryimage","url":"https:\/\/lojadosacores.com\/wp-content\/uploads\/imagens\/analisadas\/P207.JPG","contentUrl":"https:\/\/lojadosacores.com\/wp-content\/uploads\/imagens\/analisadas\/P207.JPG","width":2411,"height":2283},{"@type":"WebPage","@id":"https:\/\/lojadosacores.com\/produto\/cx-cilindrica-em-basalto-pico\/#webpage","url":"https:\/\/lojadosacores.com\/produto\/cx-cilindrica-em-basalto-pico\/","name":"Cx Cilindrica em basalto Pico - Loja dos A\u00e7ores","isPartOf":{"@id":"https:\/\/lojadosacores.com\/#website"},"primaryImageOfPage":{"@id":"https:\/\/lojadosacores.com\/produto\/cx-cilindrica-em-basalto-pico\/#primaryimage"},"datePublished":"2026-04-27T22:15:53+00:00","dateModified":"2026-04-27T22:15:53+00:00","breadcrumb":{"@id":"https:\/\/lojadosacores.com\/produto\/cx-cilindrica-em-basalto-pico\/#breadcrumb"},"inLanguage":"en-US","potentialAction":[{"@type":"ReadAction","target":["https:\/\/lojadosacores.com\/produto\/cx-cilindrica-em-basalto-pico\/"]}]},{"@type":"BreadcrumbList","@id":"https:\/\/lojadosacores.com\/produto\/cx-cilindrica-em-basalto-pico\/#breadcrumb","itemListElement":[{"@type":"ListItem","position":1,"name":"Products","item":"http:\/\/lojadosacores.com\/en\/azores-products\/"},{"@type":"ListItem","position":2,"name":"Cx Cilindrica em basalto Pico"}]}]}},"_links":{"self":[{"href":"https:\/\/lojadosacores.com\/en\/wp-json\/wp\/v2\/product\/2301437"}],"collection":[{"href":"https:\/\/lojadosacores.com\/en\/wp-json\/wp\/v2\/product"}],"about":[{"href":"https:\/\/lojadosacores.com\/en\/wp-json\/wp\/v2\/types\/product"}],"wp:featuredmedia":[{"embeddable":true,"href":"https:\/\/lojadosacores.com\/en\/wp-json\/wp\/v2\/media\/2301467"}],"wp:attachment":[{"href":"https:\/\/lojadosacores.com\/en\/wp-json\/wp\/v2\/media?parent=2301437"}],"wp:term":[{"taxonomy":"product_cat","embeddable":true,"href":"https:\/\/lojadosacores.com\/en\/wp-json\/wp\/v2\/product_cat?post=2301437"},{"taxonomy":"product_tag","embeddable":true,"href":"https:\/\/lojadosacores.com\/en\/wp-json\/wp\/v2\/product_tag?post=2301437"},{"taxonomy":"ilha","embeddable":true,"href":"https:\/\/lojadosacores.com\/en\/wp-json\/wp\/v2\/ilha?post=2301437"},{"taxonomy":"linguas","embeddable":true,"href":"https:\/\/lojadosacores.com\/en\/wp-json\/wp\/v2\/linguas?post=2301437"}],"curies":[{"name":"wp","href":"https:\/\/api.w.org\/{rel}","templated":true}]}}