{"id":2132651,"date":"2026-04-27T20:22:03","date_gmt":"2026-04-27T20:22:03","guid":{"rendered":"https:\/\/lojadosacores.com\/produto\/individual-tear-castanho\/"},"modified":"2026-04-27T20:22:03","modified_gmt":"2026-04-27T20:22:03","slug":"individual-tear-castanho-dourado","status":"publish","type":"product","link":"https:\/\/lojadosacores.com\/en\/produto\/individual-tear-castanho-dourado\/","title":{"rendered":"Individual tear castanho dourado"},"content":{"rendered":"<p>Tear manual de S.Jorge em algod\u00e3o e l\u00e3 Tamanho &#8211; 37x31cm<\/p>\n","protected":false},"excerpt":{"rendered":"<p>Tear manual de S.Jorge em algod\u00e3o e l\u00e3 Tamanho &#8211; 37x31cm<\/p>\n","protected":false},"featured_media":2132657,"template":"","meta":[],"product_cat":[29,865],"product_tag":[],"ilha":[47],"linguas":[],"yoast_head":"<!-- This site is optimized with the Yoast SEO plugin v18.8 - https:\/\/yoast.com\/wordpress\/plugins\/seo\/ -->\n<title>Individual tear castanho dourado - Loja dos A\u00e7ores<\/title>\n<meta name=\"robots\" content=\"index, follow, max-snippet:-1, max-image-preview:large, max-video-preview:-1\" \/>\n<link rel=\"canonical\" href=\"https:\/\/lojadosacores.com\/produto\/individual-tear-castanho-dourado\/\" \/>\n<meta property=\"og:locale\" content=\"en_US\" \/>\n<meta property=\"og:type\" content=\"article\" \/>\n<meta property=\"og:title\" content=\"Individual tear castanho dourado - Loja dos A\u00e7ores\" \/>\n<meta property=\"og:description\" content=\"Tear manual de S.Jorge em algod\u00e3o e l\u00e3 Tamanho - 37x31cm\" \/>\n<meta property=\"og:url\" content=\"https:\/\/lojadosacores.com\/produto\/individual-tear-castanho-dourado\/\" \/>\n<meta property=\"og:site_name\" content=\"Loja dos A\u00e7ores\" \/>\n<meta property=\"og:image\" content=\"https:\/\/lojadosacores.com\/wp-content\/uploads\/imagens\/analisadas\/T108E-scaled.jpg\" \/>\n\t<meta property=\"og:image:width\" content=\"2560\" \/>\n\t<meta property=\"og:image:height\" content=\"1891\" \/>\n\t<meta property=\"og:image:type\" content=\"image\/jpeg\" \/>\n<meta name=\"twitter:card\" content=\"summary_large_image\" \/>\n<script type=\"application\/ld+json\" class=\"yoast-schema-graph\">{\"@context\":\"https:\/\/schema.org\",\"@graph\":[{\"@type\":\"WebSite\",\"@id\":\"https:\/\/lojadosacores.com\/#website\",\"url\":\"https:\/\/lojadosacores.com\/\",\"name\":\"Loja dos A\u00e7ores\",\"description\":\"\",\"potentialAction\":[{\"@type\":\"SearchAction\",\"target\":{\"@type\":\"EntryPoint\",\"urlTemplate\":\"https:\/\/lojadosacores.com\/?s={search_term_string}\"},\"query-input\":\"required name=search_term_string\"}],\"inLanguage\":\"en-US\"},{\"@type\":\"ImageObject\",\"inLanguage\":\"en-US\",\"@id\":\"https:\/\/lojadosacores.com\/produto\/individual-tear-castanho-dourado\/#primaryimage\",\"url\":\"https:\/\/lojadosacores.com\/wp-content\/uploads\/imagens\/analisadas\/T108E-scaled.jpg\",\"contentUrl\":\"https:\/\/lojadosacores.com\/wp-content\/uploads\/imagens\/analisadas\/T108E-scaled.jpg\",\"width\":2560,\"height\":1891},{\"@type\":\"WebPage\",\"@id\":\"https:\/\/lojadosacores.com\/produto\/individual-tear-castanho-dourado\/#webpage\",\"url\":\"https:\/\/lojadosacores.com\/produto\/individual-tear-castanho-dourado\/\",\"name\":\"Individual tear castanho dourado - Loja dos A\u00e7ores\",\"isPartOf\":{\"@id\":\"https:\/\/lojadosacores.com\/#website\"},\"primaryImageOfPage\":{\"@id\":\"https:\/\/lojadosacores.com\/produto\/individual-tear-castanho-dourado\/#primaryimage\"},\"datePublished\":\"2026-04-27T20:22:03+00:00\",\"dateModified\":\"2026-04-27T20:22:03+00:00\",\"breadcrumb\":{\"@id\":\"https:\/\/lojadosacores.com\/produto\/individual-tear-castanho-dourado\/#breadcrumb\"},\"inLanguage\":\"en-US\",\"potentialAction\":[{\"@type\":\"ReadAction\",\"target\":[\"https:\/\/lojadosacores.com\/produto\/individual-tear-castanho-dourado\/\"]}]},{\"@type\":\"BreadcrumbList\",\"@id\":\"https:\/\/lojadosacores.com\/produto\/individual-tear-castanho-dourado\/#breadcrumb\",\"itemListElement\":[{\"@type\":\"ListItem\",\"position\":1,\"name\":\"Products\",\"item\":\"http:\/\/lojadosacores.com\/en\/azores-products\/\"},{\"@type\":\"ListItem\",\"position\":2,\"name\":\"Individual tear castanho dourado\"}]}]}<\/script>\n<!-- \/ Yoast SEO plugin. -->","yoast_head_json":{"title":"Individual tear castanho dourado - Loja dos A\u00e7ores","robots":{"index":"index","follow":"follow","max-snippet":"max-snippet:-1","max-image-preview":"max-image-preview:large","max-video-preview":"max-video-preview:-1"},"canonical":"https:\/\/lojadosacores.com\/produto\/individual-tear-castanho-dourado\/","og_locale":"en_US","og_type":"article","og_title":"Individual tear castanho dourado - Loja dos A\u00e7ores","og_description":"Tear manual de S.Jorge em algod\u00e3o e l\u00e3 Tamanho - 37x31cm","og_url":"https:\/\/lojadosacores.com\/produto\/individual-tear-castanho-dourado\/","og_site_name":"Loja dos A\u00e7ores","og_image":[{"width":2560,"height":1891,"url":"https:\/\/lojadosacores.com\/wp-content\/uploads\/imagens\/analisadas\/T108E-scaled.jpg","type":"image\/jpeg"}],"twitter_card":"summary_large_image","schema":{"@context":"https:\/\/schema.org","@graph":[{"@type":"WebSite","@id":"https:\/\/lojadosacores.com\/#website","url":"https:\/\/lojadosacores.com\/","name":"Loja dos A\u00e7ores","description":"","potentialAction":[{"@type":"SearchAction","target":{"@type":"EntryPoint","urlTemplate":"https:\/\/lojadosacores.com\/?s={search_term_string}"},"query-input":"required name=search_term_string"}],"inLanguage":"en-US"},{"@type":"ImageObject","inLanguage":"en-US","@id":"https:\/\/lojadosacores.com\/produto\/individual-tear-castanho-dourado\/#primaryimage","url":"https:\/\/lojadosacores.com\/wp-content\/uploads\/imagens\/analisadas\/T108E-scaled.jpg","contentUrl":"https:\/\/lojadosacores.com\/wp-content\/uploads\/imagens\/analisadas\/T108E-scaled.jpg","width":2560,"height":1891},{"@type":"WebPage","@id":"https:\/\/lojadosacores.com\/produto\/individual-tear-castanho-dourado\/#webpage","url":"https:\/\/lojadosacores.com\/produto\/individual-tear-castanho-dourado\/","name":"Individual tear castanho dourado - Loja dos A\u00e7ores","isPartOf":{"@id":"https:\/\/lojadosacores.com\/#website"},"primaryImageOfPage":{"@id":"https:\/\/lojadosacores.com\/produto\/individual-tear-castanho-dourado\/#primaryimage"},"datePublished":"2026-04-27T20:22:03+00:00","dateModified":"2026-04-27T20:22:03+00:00","breadcrumb":{"@id":"https:\/\/lojadosacores.com\/produto\/individual-tear-castanho-dourado\/#breadcrumb"},"inLanguage":"en-US","potentialAction":[{"@type":"ReadAction","target":["https:\/\/lojadosacores.com\/produto\/individual-tear-castanho-dourado\/"]}]},{"@type":"BreadcrumbList","@id":"https:\/\/lojadosacores.com\/produto\/individual-tear-castanho-dourado\/#breadcrumb","itemListElement":[{"@type":"ListItem","position":1,"name":"Products","item":"http:\/\/lojadosacores.com\/en\/azores-products\/"},{"@type":"ListItem","position":2,"name":"Individual tear castanho dourado"}]}]}},"_links":{"self":[{"href":"https:\/\/lojadosacores.com\/en\/wp-json\/wp\/v2\/product\/2132651"}],"collection":[{"href":"https:\/\/lojadosacores.com\/en\/wp-json\/wp\/v2\/product"}],"about":[{"href":"https:\/\/lojadosacores.com\/en\/wp-json\/wp\/v2\/types\/product"}],"wp:featuredmedia":[{"embeddable":true,"href":"https:\/\/lojadosacores.com\/en\/wp-json\/wp\/v2\/media\/2132657"}],"wp:attachment":[{"href":"https:\/\/lojadosacores.com\/en\/wp-json\/wp\/v2\/media?parent=2132651"}],"wp:term":[{"taxonomy":"product_cat","embeddable":true,"href":"https:\/\/lojadosacores.com\/en\/wp-json\/wp\/v2\/product_cat?post=2132651"},{"taxonomy":"product_tag","embeddable":true,"href":"https:\/\/lojadosacores.com\/en\/wp-json\/wp\/v2\/product_tag?post=2132651"},{"taxonomy":"ilha","embeddable":true,"href":"https:\/\/lojadosacores.com\/en\/wp-json\/wp\/v2\/ilha?post=2132651"},{"taxonomy":"linguas","embeddable":true,"href":"https:\/\/lojadosacores.com\/en\/wp-json\/wp\/v2\/linguas?post=2132651"}],"curies":[{"name":"wp","href":"https:\/\/api.w.org\/{rel}","templated":true}]}}